{"id":3395,"date":"2016-11-22T16:35:11","date_gmt":"2016-11-22T15:35:11","guid":{"rendered":"https:\/\/www.mgt-conseils.com\/?page_id=3395"},"modified":"2019-03-12T12:40:34","modified_gmt":"2019-03-12T11:40:34","slug":"notre-histoire","status":"publish","type":"page","link":"https:\/\/www.mgt-conseils.com\/index.php\/qui-sommes-nous\/notre-histoire\/","title":{"rendered":"Notre histoire"},"content":{"rendered":"<div id=\"pl-3395\"  class=\"panel-layout\" ><div id=\"pg-3395-0\"  class=\"panel-grid panel-no-style\" ><div id=\"pgc-3395-0-0\"  class=\"panel-grid-cell\" ><div id=\"panel-3395-0-0-0\" class=\"so-panel widget widget_lsow-hero-image panel-first-child panel-last-child\" data-index=\"0\" ><div class=\"panel-widget-style panel-widget-style-for-3395-0-0-0\" ><div class=\"so-widget-lsow-hero-image so-widget-lsow-hero-image-default-f81bf4c7171c\">\n\n<div class=\"lsow-hero-header lsow-section-bg-parallax\" >\n\n    <div class=\"lsow-background\">\n\n        \n            \n            \n                \n                    <div class=\"lsow-parallax-bg\"\n                         style=\"background-image: url(https:\/\/www.mgt-conseils.com\/wp-content\/uploads\/2016\/11\/Fotolia_95958410_M.jpg);\"><\/div>\n\n                \n            \n        \n    <\/div><!-- .lsow-background -->\n\n    \n        <div class=\"lsow-overlay\" style=\"background-color: rgba(51, 51, 51, 0.45);\"><\/div>\n\n    \n    <div class=\"lsow-header-content\">\n\n        \n            <div class=\"lsow-custom-header\">\n\n                <p style=\"text-align: center;\"><span style=\"color: #ffffff;\"><i class=\"fa fa-history fa-4x\"><\/i><\/span><\/p><h1 style=\"text-align: center;\"><span style=\"color: #ffffff;\"><strong>L'histoire d\u2019un succ\u00e8s<\/strong><\/span><\/h1><p style=\"text-align: center;\"><span style=\"color: #ffffff;\">F\u00e9d\u00e9r\u00e9s autour de valeurs communes fortes, la compl\u00e9mentarit\u00e9 et la multiculture des \u00e9quipes de MGT Conseils constituent un atout majeur pour la r\u00e9ussite de son d\u00e9veloppement, en France et en Afrique de l\u2019Ouest.<\/span><\/p>\n            <\/div>\n\n        \n\n    <\/div>\n\n    \n<\/div><\/div><\/div><\/div><\/div><\/div><div id=\"pg-3395-1\"  class=\"panel-grid panel-no-style\" ><div id=\"pgc-3395-1-0\"  class=\"panel-grid-cell\" ><div id=\"panel-3395-1-0-0\" class=\"so-panel widget widget_lsow-hero-image panel-first-child panel-last-child\" data-index=\"1\" ><div class=\"so-widget-lsow-hero-image so-widget-lsow-hero-image-default-f81bf4c7171c\">\n\n<div class=\"lsow-hero-header lsow-section-bg-parallax\" >\n\n    <div class=\"lsow-background\">\n\n        \n            \n            \n        \n    <\/div><!-- .lsow-background -->\n\n    \n        <div class=\"lsow-overlay\" style=\"background-color: rgba(51, 51, 51, 0);\"><\/div>\n\n    \n    <div class=\"lsow-header-content\">\n\n        \n            <div class=\"lsow-custom-header\">\n\n                <h2 style=\"text-align: center;\"><strong>2004<\/strong><\/h2><h3 style=\"text-align: center;\"><strong>Cr\u00e9ation de MGT Conseils<\/strong><\/h3><p style=\"text-align: center;\">Cr\u00e9\u00e9 en 2004, par le franco-b\u00e9ninois Conrad GBAGUIDI, le cabinet MGT Conseils a d\u00e9velopp\u00e9 une expertise sur les m\u00e9tiers du conseil et de la formation autour des solutions d\u00e9di\u00e9es \u00e0 <strong>l\u2019am\u00e9lioration des Performances de l\u2019Entreprise. <\/strong><\/p><p>\u00a0<\/p>\n            <\/div>\n\n        \n\n    <\/div>\n\n    \n        <a href=\"www.mgt-conseils.com\" class=\"icon-angle-down lsow-pointer-down\"><\/a>\n\n    \n<\/div><\/div><\/div><\/div><\/div><div id=\"pg-3395-2\"  class=\"panel-grid panel-no-style\" ><div id=\"pgc-3395-2-0\"  class=\"panel-grid-cell\" ><div id=\"panel-3395-2-0-0\" class=\"so-panel widget widget_lsow-hero-image panel-first-child panel-last-child\" data-index=\"2\" ><div class=\"panel-widget-style panel-widget-style-for-3395-2-0-0\" ><div class=\"so-widget-lsow-hero-image so-widget-lsow-hero-image-default-f81bf4c7171c\">\n\n<div class=\"lsow-hero-header lsow-section-bg-parallax\" >\n\n    <div class=\"lsow-background\">\n\n        \n            \n            \n                \n                    <div class=\"lsow-parallax-bg\"\n                         style=\"background-image: url(https:\/\/www.mgt-conseils.com\/wp-content\/uploads\/2016\/11\/Fotolia_71626360_M_v2.png);\"><\/div>\n\n                \n            \n        \n    <\/div><!-- .lsow-background -->\n\n    \n        <div class=\"lsow-overlay\" style=\"background-color: rgba(51, 51, 51, 0.3);\"><\/div>\n\n    \n    <div class=\"lsow-header-content\">\n\n        \n            <div class=\"lsow-custom-header\">\n\n                <h2 style=\"text-align: center;\"><span style=\"color: #ffffff;\"><strong>2008<\/strong><\/span><\/h2><h3 style=\"text-align: center;\"><strong>Amorce du d\u00e9veloppement international de MGT Conseils <\/strong><\/h3><p style=\"text-align: center;\">Cultivant le respect de ses engagements, les exigences d\u2019un travail de qualit\u00e9, MGT Conseils amorce son d\u00e9veloppement en 2008\u00a0avec l\u2019exploration de nouveaux march\u00e9s en <strong>Afrique de l\u2019Ouest\u00a0<\/strong>: d\u2019abord en <strong>C\u00f4te d\u2019Ivoire<\/strong> et au <strong>Niger<\/strong> puis au <strong>B\u00e9nin<\/strong>.<\/p><p>\u00a0<\/p>\n            <\/div>\n\n        \n\n    <\/div>\n\n    \n<\/div><\/div><\/div><\/div><\/div><\/div><div id=\"pg-3395-3\"  class=\"panel-grid panel-no-style\" ><div id=\"pgc-3395-3-0\"  class=\"panel-grid-cell\" ><div id=\"panel-3395-3-0-0\" class=\"so-panel widget widget_lsow-hero-image panel-first-child panel-last-child\" data-index=\"3\" ><div class=\"so-widget-lsow-hero-image so-widget-lsow-hero-image-default-f81bf4c7171c\">\n\n<div class=\"lsow-hero-header lsow-section-bg-parallax\" >\n\n    <div class=\"lsow-background\">\n\n        \n            \n            \n        \n    <\/div><!-- .lsow-background -->\n\n    \n        <div class=\"lsow-overlay\" style=\"background-color: rgba(51, 51, 51, 0);\"><\/div>\n\n    \n    <div class=\"lsow-header-content\">\n\n        \n            <div class=\"lsow-custom-header\">\n\n                <h2 style=\"text-align: center;\"><strong>2009<\/strong><\/h2>\n<h3 style=\"text-align: center\"; id=\"champs-elysees\"><strong>De nouveaux bureaux sur les Champs Elys\u00e9es\n<\/strong><\/h3>\n<p style=\"text-align: center;\">Parall\u00e8lement, les \u00e9quipes en France grandissent et 2009 marque l\u2019installation du cabinet dans de nouveaux bureaux \u00e0 Paris, sur les Champs Elys\u00e9es.<\/p>\n&nbsp;\n            <\/div>\n\n        \n\n    <\/div>\n\n    \n<\/div><\/div><\/div><\/div><\/div><div id=\"pg-3395-4\"  class=\"panel-grid panel-no-style\" ><div id=\"pgc-3395-4-0\"  class=\"panel-grid-cell\" ><div id=\"panel-3395-4-0-0\" class=\"so-panel widget widget_lsow-hero-image panel-first-child panel-last-child\" data-index=\"4\" ><div class=\"panel-widget-style panel-widget-style-for-3395-4-0-0\" ><div class=\"so-widget-lsow-hero-image so-widget-lsow-hero-image-default-f81bf4c7171c\">\n\n<div class=\"lsow-hero-header lsow-section-bg-parallax\" >\n\n    <div class=\"lsow-background\">\n\n        \n            \n            \n                \n                    <div class=\"lsow-parallax-bg\"\n                         style=\"background-image: url(https:\/\/www.mgt-conseils.com\/wp-content\/uploads\/2016\/11\/Fotolia_110019515_M_v2.png);\"><\/div>\n\n                \n            \n        \n    <\/div><!-- .lsow-background -->\n\n    \n        <div class=\"lsow-overlay\" style=\"background-color: rgba(51, 51, 51, 0.3);\"><\/div>\n\n    \n    <div class=\"lsow-header-content\">\n\n        \n            <div class=\"lsow-custom-header\">\n\n                <h2 style=\"text-align: center;\"><span style=\"color: #ffffff;\"><strong>2012<\/strong><\/span><\/h2><h3 align=\"center\"><strong>Nouvelle expertise en Pilotage et Gestion de Projet <\/strong><\/h3><p align=\"center\">Fort de son expertise dans les Syst\u00e8mes d\u2019Informations D\u00e9cisionnels et de ses exp\u00e9riences dans la Direction de projets informatiques complexes, MGT Conseils d\u00e9veloppe une nouvelle offre autour du <b>Pilotage et de la Gestion de projets informatiques<\/b>.<\/p><p style=\"text-align: center;\"><span style=\"color: #000000;\">\u00a0<\/span><\/p>\n            <\/div>\n\n        \n\n    <\/div>\n\n    \n<\/div><\/div><\/div><\/div><\/div><\/div><div id=\"pg-3395-5\"  class=\"panel-grid panel-no-style\" ><div id=\"pgc-3395-5-0\"  class=\"panel-grid-cell\" ><div id=\"panel-3395-5-0-0\" class=\"so-panel widget widget_lsow-hero-image panel-first-child panel-last-child\" data-index=\"5\" ><div class=\"so-widget-lsow-hero-image so-widget-lsow-hero-image-default-f81bf4c7171c\">\n\n<div class=\"lsow-hero-header lsow-section-bg-parallax\" >\n\n    <div class=\"lsow-background\">\n\n        \n            \n            \n        \n    <\/div><!-- .lsow-background -->\n\n    \n        <div class=\"lsow-overlay\" style=\"background-color: rgba(51, 51, 51, 0);\"><\/div>\n\n    \n    <div class=\"lsow-header-content\">\n\n        \n            <div class=\"lsow-custom-header\">\n\n                <h2 style=\"text-align: center;\"><strong>2012<\/strong><\/h2><h3 style=\"text-align: center;\"><strong>Boss Acad\u00e9mie<\/strong><\/h3><p style=\"text-align: center;\">MGT Conseils s\u2019est lanc\u00e9 un d\u00e9fi de taille : aider les jeunes b\u00e9ninois \u00e2g\u00e9s entre 18 et 40 ans \u00e0 concr\u00e9tiser leurs projets de cr\u00e9ation d\u2019entreprise gr\u00e2ce au concours t\u00e9l\u00e9vis\u00e9 Boss Acad\u00e9mie.<\/p><p style=\"text-align: center;\"><a href=\"https:\/\/www.mgt-conseils.com\/wp-content\/uploads\/2016\/11\/Boss-Acad\u00e9mie_2013_Facebook.jpg\"><img class=\"alignnone size-thumbnail wp-image-3541\" src=\"https:\/\/www.mgt-conseils.com\/wp-content\/uploads\/2016\/11\/Boss-Acad\u00e9mie_2013_Facebook-150x150.jpg\" alt=\"boss-academie_2013_facebook\" width=\"150\" height=\"150\" \/><\/a><\/p>\n            <\/div>\n\n        \n\n    <\/div>\n\n    \n<\/div><\/div><\/div><\/div><\/div><div id=\"pg-3395-6\"  class=\"panel-grid panel-no-style\" ><div id=\"pgc-3395-6-0\"  class=\"panel-grid-cell\" ><div id=\"panel-3395-6-0-0\" class=\"so-panel widget widget_lsow-hero-image panel-first-child panel-last-child\" data-index=\"6\" ><div class=\"panel-widget-style panel-widget-style-for-3395-6-0-0\" ><div class=\"so-widget-lsow-hero-image so-widget-lsow-hero-image-default-f81bf4c7171c\">\n\n<div class=\"lsow-hero-header lsow-section-bg-parallax\" >\n\n    <div class=\"lsow-background\">\n\n        \n            \n            \n                \n                    <div class=\"lsow-parallax-bg\"\n                         style=\"background-image: url(https:\/\/www.mgt-conseils.com\/wp-content\/uploads\/2018\/05\/H11A0418.jpg);\"><\/div>\n\n                \n            \n        \n    <\/div><!-- .lsow-background -->\n\n    \n        <div class=\"lsow-overlay\" style=\"background-color: rgba(51, 51, 51, 0.5);\"><\/div>\n\n    \n    <div class=\"lsow-header-content\">\n\n        \n            <div class=\"lsow-custom-header\">\n\n                <h2 style=\"text-align: center;\"><span style=\"color: #ffffff;\"><strong>2014<\/strong><\/span><\/h2>\n<h3 style=\"text-align: center;\"><strong><b>Les 10 ans de MGT Conseils<br \/>\n<\/b><\/strong><\/h3>\n<p style=\"text-align: center;\">\u00c0 l'occasion de ses 10 ans, MGT Conseils organisait le 6 novembre 2014 un diner spectacle. Salari\u00e9s, partenaires, clients \u00e9taient r\u00e9unis sous le rythme des tambours, des chants traditionnels et du ciel \u00e9toil\u00e9 du 7 spirits ... pour vivre un d\u00e9paysement total.<\/p>\n\n            <\/div>\n\n        \n\n    <\/div>\n\n    \n<\/div><\/div><\/div><\/div><\/div><\/div><div id=\"pg-3395-7\"  class=\"panel-grid panel-no-style\" ><div id=\"pgc-3395-7-0\"  class=\"panel-grid-cell\" ><div id=\"panel-3395-7-0-0\" class=\"so-panel widget widget_lsow-hero-image panel-first-child panel-last-child\" data-index=\"7\" ><div class=\"panel-widget-style panel-widget-style-for-3395-7-0-0\" ><div class=\"so-widget-lsow-hero-image so-widget-lsow-hero-image-default-f81bf4c7171c\">\n\n<div class=\"lsow-hero-header lsow-section-bg-parallax\" >\n\n    <div class=\"lsow-background\">\n\n        \n            \n            \n        \n    <\/div><!-- .lsow-background -->\n\n    \n    <div class=\"lsow-header-content\">\n\n        \n            <div class=\"lsow-custom-header\">\n\n                <h2 style=\"text-align: center;\"><strong>2016<\/strong><\/h2>\n<h3 style=\"text-align: center;\"><strong><b>Naissance de Five\u00a0: le 1<sup>er<\/sup> ERP Cloud pour les PME Ouest Africaines<\/b><\/strong><\/h3>\n<p>En 2016, les \u00e9quipes dirigeantes d\u00e9cident d\u2019un nouveau tournant pour MGT Conseils qui devient \u00e9diteur de l\u2019ERP Five\u00a0: la 1<sup>\u00e8re<\/sup> solution de gestion int\u00e9gr\u00e9e en Cloud pour les entreprises de l\u2019espace OHADA<\/p>\n<p>&nbsp;<\/p>\n<p><a href=\"https:\/\/www.mgt-conseils.com\/wp-content\/uploads\/2016\/12\/Logo_five_format_web_petit.png\"><img class=\"aligncenter wp-image-3743 size-thumbnail\" src=\"https:\/\/www.mgt-conseils.com\/wp-content\/uploads\/2016\/12\/Logo_five_format_web_petit-150x150.png\" alt=\"\" width=\"150\" height=\"150\" \/><\/a><\/p>\n\n            <\/div>\n\n        \n\n    <\/div>\n\n    \n<\/div><\/div><\/div><\/div><\/div><\/div><div id=\"pg-3395-8\"  class=\"panel-grid panel-no-style\" ><div id=\"pgc-3395-8-0\"  class=\"panel-grid-cell\" ><div id=\"panel-3395-8-0-0\" class=\"so-panel widget widget_lsow-hero-image panel-first-child panel-last-child\" data-index=\"8\" ><div class=\"panel-widget-style panel-widget-style-for-3395-8-0-0\" ><div class=\"so-widget-lsow-hero-image so-widget-lsow-hero-image-default-f81bf4c7171c\">\n\n<div class=\"lsow-hero-header lsow-section-bg-parallax\" >\n\n    <div class=\"lsow-background\">\n\n        \n            \n            \n                \n                    <div class=\"lsow-parallax-bg\"\n                         style=\"background-image: url(https:\/\/www.mgt-conseils.com\/wp-content\/uploads\/2019\/03\/1837.jpg);\"><\/div>\n\n                \n            \n        \n    <\/div><!-- .lsow-background -->\n\n    \n        <div class=\"lsow-overlay\" style=\"background-color: rgba(0, 0, 0, 0.3);\"><\/div>\n\n    \n    <div class=\"lsow-header-content\">\n\n        \n            <div class=\"lsow-custom-header\">\n\n                <h2 style=\"text-align: center;\"><strong>2018<\/strong><\/h2>\n<h3 style=\"text-align: center;\"><strong>MGT Conseils lance MGT B\u00e9nin<\/strong><\/h3>\nFace aux besoins des <strong>entreprises b\u00e9ninoises<\/strong> d\u2019\u00eatre plus efficaces et efficientes dans la r\u00e9alisation de leur mission, MGT Conseils a d\u00e9velopp\u00e9<strong> la Fabrique des comp\u00e9tences<\/strong>, un organisme de formation d\u00e9di\u00e9 aux entreprises implant\u00e9es en Afrique de l'Ouest.\n            <\/div>\n\n        \n\n    <\/div>\n\n    \n<\/div><\/div><\/div><\/div><\/div><\/div><div id=\"pg-3395-9\"  class=\"panel-grid panel-no-style\" ><div id=\"pgc-3395-9-0\"  class=\"panel-grid-cell\" ><div id=\"panel-3395-9-0-0\" class=\"so-panel widget widget_lsow-hero-image panel-first-child panel-last-child\" data-index=\"9\" ><div class=\"panel-widget-style panel-widget-style-for-3395-9-0-0\" ><div class=\"so-widget-lsow-hero-image so-widget-lsow-hero-image-default-f81bf4c7171c\">\n\n<div class=\"lsow-hero-header lsow-section-bg-parallax\" >\n\n    <div class=\"lsow-background\">\n\n        \n            \n            \n        \n    <\/div><!-- .lsow-background -->\n\n    \n    <div class=\"lsow-header-content\">\n\n        \n            <div class=\"lsow-custom-header\">\n\n                <h2 style=\"text-align: center;\"><strong>2018<\/strong><\/h2>\n<h2 style=\"text-align: center;\"><strong>MGT Conseils d\u00e9m\u00e9nage au 104 rue du Faubourg Saint-Honor\u00e9 !<\/strong><\/h2>\nToujours pr\u00e8s des Champs-\u00c9lys\u00e9es, dans le 8\u00e8me arrondissement, MGT Conseils accueille ses \u00e9quipes et partenaires dans de nouveaux bureaux conviviaux au charme parisien.\n            <\/div>\n\n        \n\n    <\/div>\n\n    \n<\/div><\/div><\/div><\/div><\/div><\/div><\/div>","protected":false},"excerpt":{"rendered":"<p>L&rsquo;histoire d\u2019un succ\u00e8sF\u00e9d\u00e9r\u00e9s autour de valeurs communes fortes, la compl\u00e9mentarit\u00e9 et la multiculture des \u00e9quipes de MGT Conseils constituent un [&hellip;]<\/p>\n","protected":false},"author":1,"featured_media":0,"parent":480,"menu_order":0,"comment_status":"closed","ping_status":"closed","template":"template-home.php","meta":[],"yoast_head":"<!-- This site is optimized with the Yoast SEO plugin v15.6.2 - https:\/\/yoast.com\/wordpress\/plugins\/seo\/ -->\n<title>Notre histoire - MGT Conseils<\/title>\n<meta name=\"description\" content=\"L&#039;histoire d\u2019un succ\u00e8s F\u00e9d\u00e9r\u00e9s autour de valeurs communes fortes, la compl\u00e9mentarit\u00e9 et la multiculture des \u00e9quipes de MGT Conseils constituent un atout\" \/>\n<meta name=\"robots\" content=\"index, follow, max-snippet:-1, max-image-preview:large, max-video-preview:-1\" \/>\n<link rel=\"canonical\" href=\"https:\/\/www.mgt-conseils.com\/index.php\/qui-sommes-nous\/notre-histoire\/\" \/>\n<meta property=\"og:locale\" content=\"fr_FR\" \/>\n<meta property=\"og:type\" content=\"article\" \/>\n<meta property=\"og:title\" content=\"Notre histoire - MGT Conseils\" \/>\n<meta property=\"og:description\" content=\"L&#039;histoire d\u2019un succ\u00e8s F\u00e9d\u00e9r\u00e9s autour de valeurs communes fortes, la compl\u00e9mentarit\u00e9 et la multiculture des \u00e9quipes de MGT Conseils constituent un atout\" \/>\n<meta property=\"og:url\" content=\"https:\/\/www.mgt-conseils.com\/index.php\/qui-sommes-nous\/notre-histoire\/\" \/>\n<meta property=\"og:site_name\" content=\"MGT Conseils\" \/>\n<meta property=\"article:modified_time\" content=\"2019-03-12T11:40:34+00:00\" \/>\n<meta property=\"og:image\" content=\"https:\/\/www.mgt-conseils.com\/wp-content\/uploads\/2016\/11\/Fotolia_95958410_M.jpg\" \/>\n\t<meta property=\"og:image:width\" content=\"1560\" \/>\n\t<meta property=\"og:image:height\" content=\"1218\" \/>\n<meta name=\"twitter:card\" content=\"summary\" \/>\n<meta name=\"twitter:image\" content=\"https:\/\/www.mgt-conseils.com\/wp-content\/uploads\/2016\/11\/Fotolia_95958410_M.jpg\" \/>\n<script type=\"application\/ld+json\" class=\"yoast-schema-graph\">{\"@context\":\"https:\/\/schema.org\",\"@graph\":[{\"@type\":\"WebSite\",\"@id\":\"https:\/\/www.mgt-conseils.com\/#website\",\"url\":\"https:\/\/www.mgt-conseils.com\/\",\"name\":\"MGT Conseils\",\"description\":\"Acc\\u00e9l\\u00e9rateur de performance\",\"potentialAction\":[{\"@type\":\"SearchAction\",\"target\":\"https:\/\/www.mgt-conseils.com\/?s={search_term_string}\",\"query-input\":\"required name=search_term_string\"}],\"inLanguage\":\"fr-FR\"},{\"@type\":\"WebPage\",\"@id\":\"https:\/\/www.mgt-conseils.com\/index.php\/qui-sommes-nous\/notre-histoire\/#webpage\",\"url\":\"https:\/\/www.mgt-conseils.com\/index.php\/qui-sommes-nous\/notre-histoire\/\",\"name\":\"Notre histoire - MGT Conseils\",\"isPartOf\":{\"@id\":\"https:\/\/www.mgt-conseils.com\/#website\"},\"datePublished\":\"2016-11-22T15:35:11+00:00\",\"dateModified\":\"2019-03-12T11:40:34+00:00\",\"description\":\"L'histoire d\\u2019un succ\\u00e8s F\\u00e9d\\u00e9r\\u00e9s autour de valeurs communes fortes, la compl\\u00e9mentarit\\u00e9 et la multiculture des \\u00e9quipes de MGT Conseils constituent un atout\",\"inLanguage\":\"fr-FR\",\"potentialAction\":[{\"@type\":\"ReadAction\",\"target\":[\"https:\/\/www.mgt-conseils.com\/index.php\/qui-sommes-nous\/notre-histoire\/\"]}]}]}<\/script>\n<!-- \/ Yoast SEO plugin. -->","_links":{"self":[{"href":"https:\/\/www.mgt-conseils.com\/index.php\/wp-json\/wp\/v2\/pages\/3395"}],"collection":[{"href":"https:\/\/www.mgt-conseils.com\/index.php\/wp-json\/wp\/v2\/pages"}],"about":[{"href":"https:\/\/www.mgt-conseils.com\/index.php\/wp-json\/wp\/v2\/types\/page"}],"author":[{"embeddable":true,"href":"https:\/\/www.mgt-conseils.com\/index.php\/wp-json\/wp\/v2\/users\/1"}],"replies":[{"embeddable":true,"href":"https:\/\/www.mgt-conseils.com\/index.php\/wp-json\/wp\/v2\/comments?post=3395"}],"version-history":[{"count":131,"href":"https:\/\/www.mgt-conseils.com\/index.php\/wp-json\/wp\/v2\/pages\/3395\/revisions"}],"predecessor-version":[{"id":8794,"href":"https:\/\/www.mgt-conseils.com\/index.php\/wp-json\/wp\/v2\/pages\/3395\/revisions\/8794"}],"up":[{"embeddable":true,"href":"https:\/\/www.mgt-conseils.com\/index.php\/wp-json\/wp\/v2\/pages\/480"}],"wp:attachment":[{"href":"https:\/\/www.mgt-conseils.com\/index.php\/wp-json\/wp\/v2\/media?parent=3395"}],"curies":[{"name":"wp","href":"https:\/\/api.w.org\/{rel}","templated":true}]}}