{"id":3733,"date":"2016-12-27T11:43:38","date_gmt":"2016-12-27T10:43:38","guid":{"rendered":"https:\/\/www.mgt-conseils.com\/?page_id=3733"},"modified":"2017-06-29T10:40:39","modified_gmt":"2017-06-29T09:40:39","slug":"erp","status":"publish","type":"page","link":"https:\/\/www.mgt-conseils.com\/index.php\/erp\/","title":{"rendered":"ERP"},"content":{"rendered":"<div id=\"pl-3733\"  class=\"panel-layout\" ><div id=\"pg-3733-0\"  class=\"panel-grid panel-has-style\" ><div style=\"background-color: #ffffff; \" class=\"panel-row-style panel-row-style-for-3733-0\" ><div id=\"pgc-3733-0-0\"  class=\"panel-grid-cell\" ><div id=\"panel-3733-0-0-0\" class=\"so-panel widget widget_sow-hero panel-first-child panel-last-child\" data-index=\"0\" ><div class=\"so-widget-sow-hero so-widget-sow-hero-default-abb85e7de63c so-widget-fittext-wrapper\" data-fit-text-compressor=\"0.85\"><div class=\"sow-slider-base \" style=\"display: none\"><ul class=\"sow-slider-images\" data-settings=\"{&quot;pagination&quot;:true,&quot;speed&quot;:800,&quot;timeout&quot;:8000,&quot;paused&quot;:false,&quot;pause_on_hover&quot;:false,&quot;swipe&quot;:true,&quot;nav_always_show_mobile&quot;:&quot;&quot;,&quot;breakpoint&quot;:&quot;780px&quot;}\">\t\t<li class=\"sow-slider-image  sow-slider-image-cover\" style=\"background-color: #333333\" >\n\t\t\t\t\t<div class=\"sow-slider-image-container\">\n\t\t\t<div class=\"sow-slider-image-wrapper\">\n\t\t\t\t<p style=\"text-align: center\" title=\"Business intelligence\"><span style=\"color: #ffffff\"><img class=\"alignnone wp-image-3743\" src=\"https:\/\/www.mgt-conseils.com\/wp-content\/uploads\/2016\/12\/Logo_five_format_web_petit-150x150.png\" width=\"70\" height=\"70\" \/><\/span><\/p>\n\n<h1 style=\"text-align: center\" title=\"Business intelligence\"><span style=\"color: #ffffff\"><strong>Enterprise Ressource Planning\n<\/strong><\/span><\/h1>\n<h2 style=\"text-align: center\"><span style=\"color: #ffffff\">Enfin un progiciel flexible qui \u00e9volue avec l'entreprise<\/span><\/h2>\n<div class=\"sow-hero-buttons\" style=\"text-align: center\"><div class=\"so-widget-sow-button so-widget-sow-button-flat-dbf812fc2895\"><div class=\"ow-button-base ow-button-align-center\">\n\t<a href=\"https:\/\/www.mgt-conseils.com\/index.php\/contactez-nous-par-telephone\/\" class=\"ow-icon-placement-left ow-button-hover\" \t\t>\n\t\t<span>\n\t\t\t\n\t\t\tJe veux \u00eatre appel\u00e9(e)\t\t<\/span>\n\t<\/a>\n<\/div>\n<\/div><\/div>\t\t\t<\/div>\n\t\t<\/div>\n\t\t<div class=\"sow-slider-image-overlay sow-slider-image-cover\" style=\"background-image: url(https:\/\/www.mgt-conseils.com\/wp-content\/uploads\/2016\/12\/Fotolia_103238193_L_v2.jpg);opacity: 0.6\"  ><\/div>\t\t<\/li>\n\t\t\t\t<li class=\"sow-slider-image  sow-slider-image-cover\" style=\"background-color: #333333\" >\n\t\t\t\t\t<div class=\"sow-slider-image-container\">\n\t\t\t<div class=\"sow-slider-image-wrapper\">\n\t\t\t\t<p style=\"text-align: center\" title=\"Business intelligence\"><span style=\"color: #ffffff\"><img class=\"alignnone wp-image-3743\" src=\"https:\/\/www.mgt-conseils.com\/wp-content\/uploads\/2016\/12\/Logo_five_format_web_petit-150x150.png\" width=\"70\" height=\"70\" \/><\/span><\/p>\n\n<h1 style=\"text-align: center\"><span style=\"color: #ffffff\"><strong>Un ERP d\u00e9velopp\u00e9 par MGT Conseils\n<\/strong><\/span><\/h1>\n<h2 style=\"text-align: center\"><span style=\"color: #ffffff\">Pour les entreprises africaines de l'espace OHADA<\/span><\/h2>\n<div class=\"sow-hero-buttons\" style=\"text-align: center\"><div class=\"so-widget-sow-button so-widget-sow-button-flat-cfdf81dd4686\"><div class=\"ow-button-base ow-button-align-center\">\n\t<a href=\"http:\/\/www.five-erp.com\" class=\"ow-icon-placement-left ow-button-hover\" \t\t>\n\t\t<span>\n\t\t\t\n\t\t\tD\u00e9couvrir Five\t\t<\/span>\n\t<\/a>\n<\/div>\n<\/div><\/div>\t\t\t<\/div>\n\t\t<\/div>\n\t\t<div class=\"sow-slider-image-overlay sow-slider-image-cover\" style=\"background-image: url(https:\/\/www.mgt-conseils.com\/wp-content\/uploads\/2016\/12\/header_gestion_com_vf.png);opacity: 0.6\"  ><\/div>\t\t<\/li>\n\t\t<\/ul>\t\t\t\t<ol class=\"sow-slider-pagination\">\n\t\t\t\t\t\t\t\t\t\t\t<li><a href=\"#\" data-goto=\"0\" aria-label=\"afficher la diapositive 1\"><\/a><\/li>\n\t\t\t\t\t\t\t\t\t\t\t<li><a href=\"#\" data-goto=\"1\" aria-label=\"afficher la diapositive 2\"><\/a><\/li>\n\t\t\t\t\t\t\t\t\t<\/ol>\n\n\t\t\t\t<div class=\"sow-slide-nav sow-slide-nav-next\">\n\t\t\t\t\t<a href=\"#\" data-goto=\"next\" aria-label=\"diapositive suivante\" data-action=\"next\">\n\t\t\t\t\t\t<em class=\"sow-sld-icon-thin-right\"><\/em>\n\t\t\t\t\t<\/a>\n\t\t\t\t<\/div>\n\n\t\t\t\t<div class=\"sow-slide-nav sow-slide-nav-prev\">\n\t\t\t\t\t<a href=\"#\" data-goto=\"previous\" aria-label=\"diapositive pr\u00e9c\u00e9dente\" data-action=\"prev\">\n\t\t\t\t\t\t<em class=\"sow-sld-icon-thin-left\"><\/em>\n\t\t\t\t\t<\/a>\n\t\t\t\t<\/div>\n\t\t\t\t<\/div><\/div><\/div><\/div><\/div><\/div><div id=\"pg-3733-1\"  class=\"panel-grid panel-has-style\" ><div class=\"lsow-dark-bg siteorigin-panels-stretch panel-row-style panel-row-style-for-3733-1\" style=\"background-color: #404040; \" data-stretch-type=\"full\" ><div id=\"pgc-3733-1-0\"  class=\"panel-grid-cell panel-grid-cell-empty\" ><\/div><div id=\"pgc-3733-1-1\"  class=\"panel-grid-cell\" ><div id=\"panel-3733-1-1-0\" class=\"so-panel widget widget_sow-editor panel-first-child panel-last-child\" data-index=\"1\" ><div class=\"panel-widget-style panel-widget-style-for-3733-1-1-0\" ><div class=\"so-widget-sow-editor so-widget-sow-editor-base\">\n<div class=\"siteorigin-widget-tinymce textwidget\">\n\t<div id=\"mega-menu-wrap-max_mega_menu_1\" class=\"mega-menu-wrap\"><div class=\"mega-menu-toggle\"><div class=\"mega-toggle-blocks-left\"><\/div><div class=\"mega-toggle-blocks-center\"><\/div><div class=\"mega-toggle-blocks-right\"><div class='mega-toggle-block mega-menu-toggle-block mega-toggle-block-1' id='mega-toggle-block-1' tabindex='0'><span class='mega-toggle-label' role='button' aria-expanded='false'><span class='mega-toggle-label-closed'>SERVICES<\/span><span class='mega-toggle-label-open'>SERVICES<\/span><\/span><\/div><\/div><\/div><ul id=\"mega-menu-max_mega_menu_1\" class=\"mega-menu max-mega-menu mega-menu-horizontal mega-no-js\" data-event=\"hover_intent\" data-effect=\"slide\" data-effect-speed=\"200\" data-effect-mobile=\"disabled\" data-effect-speed-mobile=\"0\" data-mobile-force-width=\"false\" data-second-click=\"close\" data-document-click=\"collapse\" data-vertical-behaviour=\"standard\" data-breakpoint=\"600\" data-unbind=\"true\" data-mobile-state=\"collapse_all\" data-hover-intent-timeout=\"300\" data-hover-intent-interval=\"100\"><li class='mega-menu-item mega-menu-item-type-post_type mega-menu-item-object-page mega-align-bottom-left mega-menu-flyout mega-menu-item-5255' id='mega-menu-item-5255'><a class=\"mega-menu-link\" href=\"https:\/\/www.mgt-conseils.com\/index.php\/big-data\/\" tabindex=\"0\">Big Data<\/a><\/li><li class='mega-menu-item mega-menu-item-type-post_type mega-menu-item-object-page mega-align-bottom-left mega-menu-flyout mega-menu-item-374' id='mega-menu-item-374'><a class=\"mega-menu-link\" href=\"https:\/\/www.mgt-conseils.com\/index.php\/business-intelligence\/\" tabindex=\"0\">Business Intelligence<\/a><\/li><li class='mega-menu-item mega-menu-item-type-post_type mega-menu-item-object-page mega-align-bottom-left mega-menu-flyout mega-menu-item-373' id='mega-menu-item-373'><a class=\"mega-menu-link\" href=\"https:\/\/www.mgt-conseils.com\/index.php\/bpm\/\" tabindex=\"0\">Business Process Management<\/a><\/li><li class='mega-menu-item mega-menu-item-type-post_type mega-menu-item-object-page mega-align-bottom-left mega-menu-flyout mega-menu-item-372' id='mega-menu-item-372'><a class=\"mega-menu-link\" href=\"https:\/\/www.mgt-conseils.com\/index.php\/project-management-office\/\" tabindex=\"0\">Project Management Office<\/a><\/li><li class='mega-menu-item mega-menu-item-type-post_type mega-menu-item-object-page mega-align-bottom-left mega-menu-flyout mega-menu-item-4085' id='mega-menu-item-4085'><a class=\"mega-menu-link\" href=\"https:\/\/www.mgt-conseils.com\/index.php\/conduite-du-changement\/\" tabindex=\"0\">Conduite du changement<\/a><\/li><li class='mega-menu-item mega-menu-item-type-post_type mega-menu-item-object-page mega-align-bottom-left mega-menu-flyout mega-menu-item-3826' id='mega-menu-item-3826'><a class=\"mega-menu-link\" href=\"https:\/\/www.mgt-conseils.com\/index.php\/erp\/\" tabindex=\"0\">Five ERP<\/a><\/li><\/ul><\/div>\n<\/div>\n<\/div><\/div><\/div><\/div><\/div><\/div><div id=\"pg-3733-2\"  class=\"panel-grid panel-has-style\" ><div class=\"lsow-row panel-row-style panel-row-style-for-3733-2\" style=\"background-color: #e5e5e5; \" ><div id=\"pgc-3733-2-0\"  class=\"panel-grid-cell\" ><div id=\"panel-3733-2-0-0\" class=\"so-panel widget widget_spacer panel-first-child\" data-index=\"2\" ><div class=\"so-widget-spacer so-widget-spacer-spacer-style-d75171398898\">\r\n\r\n\r\n\r\n\r\n<div class=\"spacer\" style=\"height: 0px\">\r\n<\/div><\/div><\/div><div id=\"panel-3733-2-0-1\" class=\"so-panel widget widget_sow-editor\" data-index=\"3\" ><div class=\"bandeaufont panel-widget-style panel-widget-style-for-3733-2-0-1\" ><div class=\"so-widget-sow-editor so-widget-sow-editor-base\">\n<div class=\"siteorigin-widget-tinymce textwidget\">\n\t<h3 style=\"text-align: center;\"><span style=\"color: #404040;\"> G\u00e9rez et Pilotez votre entreprise depuis votre smartphone<br \/> <\/span><\/h3><\/div>\n<\/div><\/div><\/div><div id=\"panel-3733-2-0-2\" class=\"so-panel widget widget_spacer panel-last-child\" data-index=\"4\" ><div class=\"so-widget-spacer so-widget-spacer-spacer-style-d75171398898\">\r\n\r\n\r\n\r\n\r\n<div class=\"spacer\" style=\"height: 0px\">\r\n<\/div><\/div><\/div><\/div><\/div><\/div><div id=\"pg-3733-3\"  class=\"panel-grid panel-has-style\" ><div style=\"background-color: #e5e5e5; \" class=\"panel-row-style panel-row-style-for-3733-3\" ><div id=\"pgc-3733-3-0\"  class=\"panel-grid-cell panel-grid-cell-empty\" ><\/div><div id=\"pgc-3733-3-1\"  class=\"panel-grid-cell panel-grid-cell-mobile-last\" ><div id=\"panel-3733-3-1-0\" class=\"so-panel widget widget_sow-features panel-first-child\" data-index=\"5\" ><div class=\"panel-widget-style panel-widget-style-for-3733-3-1-0\" ><div class=\"so-widget-sow-features so-widget-sow-features-default-79a6d4bb0038\">\n<div class=\"sow-features-list sow-features-responsive\">\n\n\t\t\t\n\t\t\t<div class=\"sow-features-feature sow-icon-container-position-top sow-features-feature-last-row\" style=\"width: 33.333%\">\n\n\t\t\t\t<a href=\"http:\/\/five-erp.com\/index.php\/gestion-commerciale\/\" target=\"_blank\" rel=\"noopener noreferrer\">\t\t\t\t<div\n\t\t\t\t\tclass=\"sow-icon-container sow-container-none\"\n                    style=\"color: ; \"\n\t\t\t\t\t>\n\t\t\t\t\t<span class=\"sow-icon-fontawesome sow-fas\" data-sow-icon=\"&#xf245;\"\n\t\tstyle=\"font-size: 60px; color: #f39200\" ><\/span>\t\t\t\t<\/div>\n\t\t\t\t<\/a>\n\t\t\t\t<div class=\"textwidget\">\n\t\t\t\t\t\t\t\t\t\t\t<h5>\n\t\t\t\t\t\t\t\t\t\t\t\t\t\tGestion commerciale\t\t\t\t\t\t\t\t\t\t\t\t\t<\/h5>\n\t\t\t\t\t\n\t\t\t\t\t\t\t\t\t\t\t<p>En quelques clics, cr\u00e9ez des devis et factures professionnels, en F CFA et personnalis\u00e9s avec le logo de votre entreprise.<\/p>\t\t\t\t\t\n\t\t\t\t\t\t\t\t\t\t\t<p class=\"sow-more-text\">\n\t\t\t\t\t\t\t<a href=\"http:\/\/five-erp.com\/index.php\/gestion-commerciale\/\" target=\"_blank\" rel=\"noopener noreferrer\">\t\t\t\t\t\t\tEn savoir plus\t\t\t\t\t\t\t<\/a>\t\t\t\t\t\t<\/p>\n\t\t\t\t\t\t\t\t\t<\/div>\n\t\t\t<\/div>\n\n\t\t\n\t\t\t<div class=\"sow-features-feature sow-icon-container-position-top sow-features-feature-last-row\" style=\"width: 33.333%\">\n\n\t\t\t\t<a href=\"http:\/\/five-erp.com\/index.php\/logiciel-de-gestion-d-entreprise\/logiciel-de-comptabilite-ohada\/\" target=\"_blank\" rel=\"noopener noreferrer\">\t\t\t\t<div\n\t\t\t\t\tclass=\"sow-icon-container sow-container-none\"\n                    style=\"color: ; \"\n\t\t\t\t\t>\n\t\t\t\t\t<span class=\"sow-icon-fontawesome sow-fas\" data-sow-icon=\"&#xf1ec;\"\n\t\tstyle=\"font-size: 60px; color: #f39200\" ><\/span>\t\t\t\t<\/div>\n\t\t\t\t<\/a>\n\t\t\t\t<div class=\"textwidget\">\n\t\t\t\t\t\t\t\t\t\t\t<h5>\n\t\t\t\t\t\t\t\t\t\t\t\t\t\tComptabilit\u00e9\t\t\t\t\t\t\t\t\t\t\t\t\t<\/h5>\n\t\t\t\t\t\n\t\t\t\t\t\t\t\t\t\t\tProfitez d'une comptabilit\u00e9 100% OHADA optimis\u00e9e pour le F CFA, mise \u00e0 jour en temps r\u00e9el.\t\t\t\t\t\n\t\t\t\t\t\t\t\t\t\t\t<p class=\"sow-more-text\">\n\t\t\t\t\t\t\t<a href=\"http:\/\/five-erp.com\/index.php\/logiciel-de-gestion-d-entreprise\/logiciel-de-comptabilite-ohada\/\" target=\"_blank\" rel=\"noopener noreferrer\">\t\t\t\t\t\t\tEn savoir plus\t\t\t\t\t\t\t<\/a>\t\t\t\t\t\t<\/p>\n\t\t\t\t\t\t\t\t\t<\/div>\n\t\t\t<\/div>\n\n\t\t\n\t\t\t<div class=\"sow-features-feature sow-icon-container-position-top sow-features-feature-last-row\" style=\"width: 33.333%\">\n\n\t\t\t\t<a href=\"http:\/\/five-erp.com\/index.php\/logiciel-de-gestion-d-entreprise\/logiciel-de-gestion-des-stocks-achats\/\" target=\"_blank\" rel=\"noopener noreferrer\">\t\t\t\t<div\n\t\t\t\t\tclass=\"sow-icon-container sow-container-none\"\n                    style=\"color: ; \"\n\t\t\t\t\t>\n\t\t\t\t\t<span class=\"sow-icon-ionicons\" data-sow-icon=\"&#xf2b3;\"\n\t\tstyle=\"font-size: 60px; color: #f39200\" ><\/span>\t\t\t\t<\/div>\n\t\t\t\t<\/a>\n\t\t\t\t<div class=\"textwidget\">\n\t\t\t\t\t\t\t\t\t\t\t<h5>\n\t\t\t\t\t\t\t\t\t\t\t\t\t\tStock et Achat\t\t\t\t\t\t\t\t\t\t\t\t\t<\/h5>\n\t\t\t\t\t\n\t\t\t\t\t\t\t\t\t\t\t<p>Visualisez vos stocks en un coup d'oeil et en temps r\u00e9el r\u00e9aprovisionnez-les depuis la plateforme.<\/p>\t\t\t\t\t\n\t\t\t\t\t\t\t\t\t\t\t<p class=\"sow-more-text\">\n\t\t\t\t\t\t\t<a href=\"http:\/\/five-erp.com\/index.php\/logiciel-de-gestion-d-entreprise\/logiciel-de-gestion-des-stocks-achats\/\" target=\"_blank\" rel=\"noopener noreferrer\">\t\t\t\t\t\t\tEn savoir plus\t\t\t\t\t\t\t<\/a>\t\t\t\t\t\t<\/p>\n\t\t\t\t\t\t\t\t\t<\/div>\n\t\t\t<\/div>\n\n\t\t\t\n<\/div>\n<\/div><\/div><\/div><div id=\"panel-3733-3-1-1\" class=\"so-panel widget widget_sow-button\" data-index=\"6\" ><div class=\"so-widget-sow-button so-widget-sow-button-flat-dbf812fc2895\"><div class=\"ow-button-base ow-button-align-center\">\n\t<a href=\"http:\/\/five-erp.com\/index.php\/logiciel-de-gestion-d-entreprise\/\" class=\"ow-icon-placement-left ow-button-hover\" target=\"_blank\" rel=\"noopener noreferrer\" \t\t>\n\t\t<span>\n\t\t\t\n\t\t\tD\u00e9couvrir Five\t\t<\/span>\n\t<\/a>\n<\/div>\n<\/div><\/div><div id=\"panel-3733-3-1-2\" class=\"so-panel widget widget_spacer panel-last-child\" data-index=\"7\" ><div class=\"so-widget-spacer so-widget-spacer-spacer-style-d75171398898\">\r\n\r\n\r\n\r\n\r\n<div class=\"spacer\" style=\"height: 0px\">\r\n<\/div><\/div><\/div><\/div><div id=\"pgc-3733-3-2\"  class=\"panel-grid-cell panel-grid-cell-empty\" ><\/div><\/div><\/div><div id=\"pg-3733-4\"  class=\"panel-grid panel-has-style\" ><div class=\"lsow-row panel-row-style panel-row-style-for-3733-4\" style=\"background-color: #ffffff; \" ><div id=\"pgc-3733-4-0\"  class=\"panel-grid-cell\" ><div id=\"panel-3733-4-0-0\" class=\"so-panel widget widget_spacer panel-first-child\" data-index=\"8\" ><div class=\"so-widget-spacer so-widget-spacer-spacer-style-d75171398898\">\r\n\r\n\r\n\r\n\r\n<div class=\"spacer\" style=\"height: 0px\">\r\n<\/div><\/div><\/div><div id=\"panel-3733-4-0-1\" class=\"so-panel widget widget_sow-editor panel-last-child\" data-index=\"9\" ><div class=\"bandeaufont panel-widget-style panel-widget-style-for-3733-4-0-1\" ><div class=\"so-widget-sow-editor so-widget-sow-editor-base\">\n<div class=\"siteorigin-widget-tinymce textwidget\">\n\t<h3 style=\"text-align: center;\"><span style=\"color: #f39200;\"><strong>Pourquoi poss\u00e9der Five ERP ?<\/strong><\/span><\/h3>\n<h4 style=\"text-align: center;\"><span style=\"color: #f39200;\">Fort de son expertise aupr\u00e8s des entreprises Ouest Africaines,\nMGT Conseils offre une solution de gestion moderne 100% OHADA et 100% int\u00e9gr\u00e9e.<\/span><span style=\"font-family: 'Arial Unicode MS','sans-serif'; color: black;\">\n<\/span><\/h4><\/div>\n<\/div><\/div><\/div><\/div><\/div><\/div><div id=\"pg-3733-5\"  class=\"panel-grid panel-no-style\" ><div id=\"pgc-3733-5-0\"  class=\"panel-grid-cell panel-grid-cell-empty\" ><\/div><div id=\"pgc-3733-5-1\"  class=\"panel-grid-cell panel-grid-cell-mobile-last\" ><div id=\"panel-3733-5-1-0\" class=\"so-panel widget widget_sow-features panel-first-child\" data-index=\"10\" ><div class=\"panel-widget-style panel-widget-style-for-3733-5-1-0\" ><div class=\"so-widget-sow-features so-widget-sow-features-default-919df8cef3fd\">\n<div class=\"sow-features-list sow-features-responsive\">\n\n\t\t\t\n\t\t\t<div class=\"sow-features-feature sow-icon-container-position-top sow-features-feature-last-row\" style=\"width: 25%\">\n\n\t\t\t\t\t\t\t\t<div\n\t\t\t\t\tclass=\"sow-icon-container sow-container-round\"\n                    style=\"color: #ffffff; \"\n\t\t\t\t\t>\n\t\t\t\t\t<span class=\"sow-icon-fontawesome sow-fas\" data-sow-icon=\"&#xf0ac;\"\n\t\tstyle=\"font-size: 60px; color: #f39200\" ><\/span>\t\t\t\t<\/div>\n\t\t\t\t\n\t\t\t\t<div class=\"textwidget\">\n\t\t\t\t\t\t\t\t\t\t\t<h5>\n\t\t\t\t\t\t\t\t\t\t\t\t\t\t100% OHADA\t\t\t\t\t\t\t\t\t\t\t\t\t<\/h5>\n\t\t\t\t\t\n\t\t\t\t\t\t\t\t\t\t\tFive est le premier ERP sp\u00e9cialement d\u00e9velopp\u00e9 pour les entreprises implant\u00e9es en zone OHADA.\t\t\t\t\t\n\t\t\t\t\t\t\t\t\t<\/div>\n\t\t\t<\/div>\n\n\t\t\n\t\t\t<div class=\"sow-features-feature sow-icon-container-position-top sow-features-feature-last-row\" style=\"width: 25%\">\n\n\t\t\t\t\t\t\t\t<div\n\t\t\t\t\tclass=\"sow-icon-container sow-container-round\"\n                    style=\"color: #ffffff; \"\n\t\t\t\t\t>\n\t\t\t\t\t<span class=\"sow-icon-elegantline\" data-sow-icon=\"&#xe026;\"\n\t\tstyle=\"font-size: 60px; color: #f39200\" ><\/span>\t\t\t\t<\/div>\n\t\t\t\t\n\t\t\t\t<div class=\"textwidget\">\n\t\t\t\t\t\t\t\t\t\t\t<h5>\n\t\t\t\t\t\t\t\t\t\t\t\t\t\t100% int\u00e9gr\u00e9e \t\t\t\t\t\t\t\t\t\t\t\t\t<\/h5>\n\t\t\t\t\t\n\t\t\t\t\t\t\t\t\t\t\tFive permet de g\u00e9rer l'ensemble des activit\u00e9s de l'entreprise en temps r\u00e9el.\t\t\t\t\t\n\t\t\t\t\t\t\t\t\t<\/div>\n\t\t\t<\/div>\n\n\t\t\n\t\t\t<div class=\"sow-features-feature sow-icon-container-position-top sow-features-feature-last-row\" style=\"width: 25%\">\n\n\t\t\t\t\t\t\t\t<div\n\t\t\t\t\tclass=\"sow-icon-container sow-container-round\"\n                    style=\"color: #ffffff; \"\n\t\t\t\t\t>\n\t\t\t\t\t<span class=\"sow-icon-icomoon\" data-sow-icon=\"&#xe93b;\"\n\t\tstyle=\"font-size: 60px; color: #f39200\" ><\/span>\t\t\t\t<\/div>\n\t\t\t\t\n\t\t\t\t<div class=\"textwidget\">\n\t\t\t\t\t\t\t\t\t\t\t<h5>\n\t\t\t\t\t\t\t\t\t\t\t\t\t\tEconomique \t\t\t\t\t\t\t\t\t\t\t\t\t<\/h5>\n\t\t\t\t\t\n\t\t\t\t\t\t\t\t\t\t\t<p>Pens\u00e9 pour s'adapter \u00e0 tous les budgets, Five fonctionne sous forme d'abonnement.<\/p>\t\t\t\t\t\n\t\t\t\t\t\t\t\t\t<\/div>\n\t\t\t<\/div>\n\n\t\t\n\t\t\t<div class=\"sow-features-feature sow-icon-container-position-top sow-features-feature-last-row\" style=\"width: 25%\">\n\n\t\t\t\t\t\t\t\t<div\n\t\t\t\t\tclass=\"sow-icon-container sow-container-round\"\n                    style=\"color: #ffffff; \"\n\t\t\t\t\t>\n\t\t\t\t\t<span class=\"sow-icon-fontawesome sow-fas\" data-sow-icon=\"&#xf00c;\"\n\t\tstyle=\"font-size: 60px; color: #f39200\" ><\/span>\t\t\t\t<\/div>\n\t\t\t\t\n\t\t\t\t<div class=\"textwidget\">\n\t\t\t\t\t\t\t\t\t\t\t<h5>\n\t\t\t\t\t\t\t\t\t\t\t\t\t\tCompl\u00e8te\t\t\t\t\t\t\t\t\t\t\t\t\t<\/h5>\n\t\t\t\t\t\n\t\t\t\t\t\t\t\t\t\t\tD\u00e9velopp\u00e9 pour piloter les 5 piliers de l'entreprise, Five offre une couverture fonctionelle tr\u00e8s large.\t\t\t\t\t\n\t\t\t\t\t\t\t\t\t<\/div>\n\t\t\t<\/div>\n\n\t\t\t\n<\/div>\n<\/div><\/div><\/div><div id=\"panel-3733-5-1-1\" class=\"so-panel widget widget_sow-button\" data-index=\"11\" ><div class=\"so-widget-sow-button so-widget-sow-button-flat-dbf812fc2895\"><div class=\"ow-button-base ow-button-align-center\">\n\t<a href=\"http:\/\/five-erp.com\/index.php\/logiciel-de-gestion-d-entreprise\/\" class=\"ow-icon-placement-left ow-button-hover\" target=\"_blank\" rel=\"noopener noreferrer\" \t\t>\n\t\t<span>\n\t\t\t\n\t\t\tD\u00e9couvrir Five\t\t<\/span>\n\t<\/a>\n<\/div>\n<\/div><\/div><div id=\"panel-3733-5-1-2\" class=\"so-panel widget widget_spacer panel-last-child\" data-index=\"12\" ><div class=\"so-widget-spacer so-widget-spacer-spacer-style-d75171398898\">\r\n\r\n\r\n\r\n\r\n<div class=\"spacer\" style=\"height: 0px\">\r\n<\/div><\/div><\/div><\/div><div id=\"pgc-3733-5-2\"  class=\"panel-grid-cell panel-grid-cell-empty\" ><\/div><\/div><div id=\"pg-3733-6\"  class=\"panel-grid panel-no-style\" ><div id=\"pgc-3733-6-0\"  class=\"panel-grid-cell\" ><div id=\"panel-3733-6-0-0\" class=\"so-panel widget widget_lsow-hero-image panel-first-child panel-last-child\" data-index=\"13\" ><div class=\"panel-widget-style panel-widget-style-for-3733-6-0-0\" ><div class=\"so-widget-lsow-hero-image so-widget-lsow-hero-image-default-cd975e4ce2c3\">\n\n<div class=\"lsow-hero-header lsow-section-bg-parallax\" >\n\n    <div class=\"lsow-background\">\n\n        \n            \n            \n                \n                    <div class=\"lsow-parallax-bg\"\n                         style=\"background-image: url(https:\/\/www.mgt-conseils.com\/wp-content\/uploads\/2016\/12\/O6O8TX0.jpg);\"><\/div>\n\n                \n            \n        \n    <\/div><!-- .lsow-background -->\n\n    \n        <div class=\"lsow-overlay\" style=\"background-color: rgba(51, 51, 51, 0.2);\"><\/div>\n\n    \n    <div class=\"lsow-header-content\">\n\n        \n            <div class=\"lsow-custom-header\">\n\n                <h1 style=\"text-align: center;\"><span style=\"color: #ffffff;\">Nous sommes partenaires<\/span><\/h1><p style=\"text-align: center;\"><a href=\"https:\/\/www.odoo.com\/fr_FR\/partners\/mgt-conseils-539413?country_id=74\"><img class=\"alignnone wp-image-3785\" title=\"Odoo Reday partner\" src=\"https:\/\/www.mgt-conseils.com\/wp-content\/uploads\/2016\/12\/odoologo.png\" alt=\"Odoo\" width=\"155\" height=\"50\" \/><\/a><\/p>\n            <\/div>\n\n        \n\n    <\/div>\n\n    \n<\/div><\/div><\/div><\/div><\/div><\/div><\/div>","protected":false},"excerpt":{"rendered":"<p>Enterprise Ressource Planning Enfin un progiciel flexible qui \u00e9volue avec l&rsquo;entreprise Je veux \u00eatre appel\u00e9(e) Un ERP d\u00e9velopp\u00e9 par MGT [&hellip;]<\/p>\n","protected":false},"author":1,"featured_media":0,"parent":0,"menu_order":0,"comment_status":"closed","ping_status":"closed","template":"template-home.php","meta":[],"yoast_head":"<!-- This site is optimized with the Yoast SEO plugin v15.6.2 - https:\/\/yoast.com\/wordpress\/plugins\/seo\/ -->\n<title>ERP - MGT Conseils<\/title>\n<meta name=\"robots\" content=\"index, follow, max-snippet:-1, max-image-preview:large, max-video-preview:-1\" \/>\n<link rel=\"canonical\" href=\"https:\/\/www.mgt-conseils.com\/index.php\/erp\/\" \/>\n<meta property=\"og:locale\" content=\"fr_FR\" \/>\n<meta property=\"og:type\" content=\"article\" \/>\n<meta property=\"og:title\" content=\"ERP - MGT Conseils\" \/>\n<meta property=\"og:description\" content=\"Enterprise Ressource Planning Enfin un progiciel flexible qui \u00e9volue avec l&#039;entreprise Je veux \u00eatre appel\u00e9(e) Un ERP d\u00e9velopp\u00e9 par MGT [&hellip;]\" \/>\n<meta property=\"og:url\" content=\"https:\/\/www.mgt-conseils.com\/index.php\/erp\/\" \/>\n<meta property=\"og:site_name\" content=\"MGT Conseils\" \/>\n<meta property=\"article:modified_time\" content=\"2017-06-29T09:40:39+00:00\" \/>\n<meta property=\"og:image\" content=\"https:\/\/www.mgt-conseils.com\/wp-content\/uploads\/2016\/12\/Logo_five_format_web_petit-150x150.png\" \/>\n<meta name=\"twitter:card\" content=\"summary\" \/>\n<meta name=\"twitter:label1\" content=\"Dur\u00e9e de lecture est.\">\n\t<meta name=\"twitter:data1\" content=\"1 minute\">\n<script type=\"application\/ld+json\" class=\"yoast-schema-graph\">{\"@context\":\"https:\/\/schema.org\",\"@graph\":[{\"@type\":\"WebSite\",\"@id\":\"https:\/\/www.mgt-conseils.com\/#website\",\"url\":\"https:\/\/www.mgt-conseils.com\/\",\"name\":\"MGT Conseils\",\"description\":\"Acc\\u00e9l\\u00e9rateur de performance\",\"potentialAction\":[{\"@type\":\"SearchAction\",\"target\":\"https:\/\/www.mgt-conseils.com\/?s={search_term_string}\",\"query-input\":\"required name=search_term_string\"}],\"inLanguage\":\"fr-FR\"},{\"@type\":\"ImageObject\",\"@id\":\"https:\/\/www.mgt-conseils.com\/index.php\/erp\/#primaryimage\",\"inLanguage\":\"fr-FR\",\"url\":\"https:\/\/www.mgt-conseils.com\/wp-content\/uploads\/2016\/12\/Logo_five_format_web_petit.png\",\"width\":300,\"height\":300},{\"@type\":\"WebPage\",\"@id\":\"https:\/\/www.mgt-conseils.com\/index.php\/erp\/#webpage\",\"url\":\"https:\/\/www.mgt-conseils.com\/index.php\/erp\/\",\"name\":\"ERP - MGT Conseils\",\"isPartOf\":{\"@id\":\"https:\/\/www.mgt-conseils.com\/#website\"},\"primaryImageOfPage\":{\"@id\":\"https:\/\/www.mgt-conseils.com\/index.php\/erp\/#primaryimage\"},\"datePublished\":\"2016-12-27T10:43:38+00:00\",\"dateModified\":\"2017-06-29T09:40:39+00:00\",\"inLanguage\":\"fr-FR\",\"potentialAction\":[{\"@type\":\"ReadAction\",\"target\":[\"https:\/\/www.mgt-conseils.com\/index.php\/erp\/\"]}]}]}<\/script>\n<!-- \/ Yoast SEO plugin. -->","_links":{"self":[{"href":"https:\/\/www.mgt-conseils.com\/index.php\/wp-json\/wp\/v2\/pages\/3733"}],"collection":[{"href":"https:\/\/www.mgt-conseils.com\/index.php\/wp-json\/wp\/v2\/pages"}],"about":[{"href":"https:\/\/www.mgt-conseils.com\/index.php\/wp-json\/wp\/v2\/types\/page"}],"author":[{"embeddable":true,"href":"https:\/\/www.mgt-conseils.com\/index.php\/wp-json\/wp\/v2\/users\/1"}],"replies":[{"embeddable":true,"href":"https:\/\/www.mgt-conseils.com\/index.php\/wp-json\/wp\/v2\/comments?post=3733"}],"version-history":[{"count":59,"href":"https:\/\/www.mgt-conseils.com\/index.php\/wp-json\/wp\/v2\/pages\/3733\/revisions"}],"predecessor-version":[{"id":4200,"href":"https:\/\/www.mgt-conseils.com\/index.php\/wp-json\/wp\/v2\/pages\/3733\/revisions\/4200"}],"wp:attachment":[{"href":"https:\/\/www.mgt-conseils.com\/index.php\/wp-json\/wp\/v2\/media?parent=3733"}],"curies":[{"name":"wp","href":"https:\/\/api.w.org\/{rel}","templated":true}]}}