{"id":3990,"date":"2017-02-13T11:20:40","date_gmt":"2017-02-13T10:20:40","guid":{"rendered":"https:\/\/www.mgt-conseils.com\/?page_id=3990"},"modified":"2017-02-20T10:26:20","modified_gmt":"2017-02-20T09:26:20","slug":"conduite-du-changement","status":"publish","type":"page","link":"https:\/\/www.mgt-conseils.com\/index.php\/conduite-du-changement\/","title":{"rendered":"Conduite du changement"},"content":{"rendered":"<div id=\"pl-3990\"  class=\"panel-layout\" ><div id=\"pg-3990-0\"  class=\"panel-grid panel-has-style\" ><div style=\"background-color: #ffffff; \" class=\"panel-row-style panel-row-style-for-3990-0\" ><div id=\"pgc-3990-0-0\"  class=\"panel-grid-cell\" ><div id=\"panel-3990-0-0-0\" class=\"so-panel widget widget_sow-hero panel-first-child panel-last-child\" data-index=\"0\" ><div class=\"so-widget-sow-hero so-widget-sow-hero-default-abb85e7de63c so-widget-fittext-wrapper\" data-fit-text-compressor=\"0.85\"><div class=\"sow-slider-base \" style=\"display: none\"><ul class=\"sow-slider-images\" data-settings=\"{&quot;pagination&quot;:true,&quot;speed&quot;:800,&quot;timeout&quot;:8000,&quot;paused&quot;:false,&quot;pause_on_hover&quot;:false,&quot;swipe&quot;:true,&quot;nav_always_show_mobile&quot;:&quot;&quot;,&quot;breakpoint&quot;:&quot;780px&quot;}\">\t\t<li class=\"sow-slider-image  sow-slider-image-cover\" style=\"background-color: #333333\" >\n\t\t\t\t\t<div class=\"sow-slider-image-container\">\n\t\t\t<div class=\"sow-slider-image-wrapper\">\n\t\t\t\t<p style=\"text-align: center\" title=\"Business intelligence\"><span style=\"color: #ffffff\"><i class=\"fa fa-map-signs fa-4x\"><\/i>\u00a0<\/span><\/p><h1 style=\"text-align: center\" title=\"Business intelligence\"><span style=\"color: #ffffff\"><strong>Conduite du changement<br \/> <\/strong><\/span><\/h1><h2 style=\"text-align: center\"><span style=\"color: #ffffff\">N'avancez plus les yeux ferm\u00e9s<\/span><\/h2><div class=\"sow-hero-buttons\" style=\"text-align: center\"><div class=\"so-widget-sow-button so-widget-sow-button-flat-dbf812fc2895\"><div class=\"ow-button-base ow-button-align-center\">\n\t<a href=\"https:\/\/www.mgt-conseils.com\/index.php\/contactez-nous-par-telephone\/\" class=\"ow-icon-placement-left ow-button-hover\" \t\t>\n\t\t<span>\n\t\t\t\n\t\t\tJe veux \u00eatre appel\u00e9(e)\t\t<\/span>\n\t<\/a>\n<\/div>\n<\/div><\/div>\t\t\t<\/div>\n\t\t<\/div>\n\t\t<div class=\"sow-slider-image-overlay sow-slider-image-cover\" style=\"background-image: url(https:\/\/www.mgt-conseils.com\/wp-content\/uploads\/2017\/02\/iStock-529055990_low.jpg);opacity: 0.6\"  ><\/div>\t\t<\/li>\n\t\t<\/ul>\t\t\t\t<ol class=\"sow-slider-pagination\">\n\t\t\t\t\t\t\t\t\t\t\t<li><a href=\"#\" data-goto=\"0\" aria-label=\"afficher la diapositive 1\"><\/a><\/li>\n\t\t\t\t\t\t\t\t\t<\/ol>\n\n\t\t\t\t<div class=\"sow-slide-nav sow-slide-nav-next\">\n\t\t\t\t\t<a href=\"#\" data-goto=\"next\" aria-label=\"diapositive suivante\" data-action=\"next\">\n\t\t\t\t\t\t<em class=\"sow-sld-icon-thin-right\"><\/em>\n\t\t\t\t\t<\/a>\n\t\t\t\t<\/div>\n\n\t\t\t\t<div class=\"sow-slide-nav sow-slide-nav-prev\">\n\t\t\t\t\t<a href=\"#\" data-goto=\"previous\" aria-label=\"diapositive pr\u00e9c\u00e9dente\" data-action=\"prev\">\n\t\t\t\t\t\t<em class=\"sow-sld-icon-thin-left\"><\/em>\n\t\t\t\t\t<\/a>\n\t\t\t\t<\/div>\n\t\t\t\t<\/div><\/div><\/div><\/div><\/div><\/div><div id=\"pg-3990-1\"  class=\"panel-grid panel-has-style\" ><div class=\"lsow-dark-bg siteorigin-panels-stretch panel-row-style panel-row-style-for-3990-1\" style=\"background-color: #404040; \" data-stretch-type=\"full\" ><div id=\"pgc-3990-1-0\"  class=\"panel-grid-cell panel-grid-cell-empty\" ><\/div><div id=\"pgc-3990-1-1\"  class=\"panel-grid-cell\" ><div id=\"panel-3990-1-1-0\" class=\"so-panel widget widget_sow-editor panel-first-child panel-last-child\" data-index=\"1\" ><div class=\"panel-widget-style panel-widget-style-for-3990-1-1-0\" ><div class=\"so-widget-sow-editor so-widget-sow-editor-base\">\n<div class=\"siteorigin-widget-tinymce textwidget\">\n\t<div id=\"mega-menu-wrap-max_mega_menu_1\" class=\"mega-menu-wrap\"><div class=\"mega-menu-toggle\"><div class=\"mega-toggle-blocks-left\"><\/div><div class=\"mega-toggle-blocks-center\"><\/div><div class=\"mega-toggle-blocks-right\"><div class='mega-toggle-block mega-menu-toggle-block mega-toggle-block-1' id='mega-toggle-block-1' tabindex='0'><span class='mega-toggle-label' role='button' aria-expanded='false'><span class='mega-toggle-label-closed'>SERVICES<\/span><span class='mega-toggle-label-open'>SERVICES<\/span><\/span><\/div><\/div><\/div><ul id=\"mega-menu-max_mega_menu_1\" class=\"mega-menu max-mega-menu mega-menu-horizontal mega-no-js\" data-event=\"hover_intent\" data-effect=\"slide\" data-effect-speed=\"200\" data-effect-mobile=\"disabled\" data-effect-speed-mobile=\"0\" data-mobile-force-width=\"false\" data-second-click=\"close\" data-document-click=\"collapse\" data-vertical-behaviour=\"standard\" data-breakpoint=\"600\" data-unbind=\"true\" data-mobile-state=\"collapse_all\" data-hover-intent-timeout=\"300\" data-hover-intent-interval=\"100\"><li class='mega-menu-item mega-menu-item-type-post_type mega-menu-item-object-page mega-align-bottom-left mega-menu-flyout mega-menu-item-5255' id='mega-menu-item-5255'><a class=\"mega-menu-link\" href=\"https:\/\/www.mgt-conseils.com\/index.php\/big-data\/\" tabindex=\"0\">Big Data<\/a><\/li><li class='mega-menu-item mega-menu-item-type-post_type mega-menu-item-object-page mega-align-bottom-left mega-menu-flyout mega-menu-item-374' id='mega-menu-item-374'><a class=\"mega-menu-link\" href=\"https:\/\/www.mgt-conseils.com\/index.php\/business-intelligence\/\" tabindex=\"0\">Business Intelligence<\/a><\/li><li class='mega-menu-item mega-menu-item-type-post_type mega-menu-item-object-page mega-align-bottom-left mega-menu-flyout mega-menu-item-373' id='mega-menu-item-373'><a class=\"mega-menu-link\" href=\"https:\/\/www.mgt-conseils.com\/index.php\/bpm\/\" tabindex=\"0\">Business Process Management<\/a><\/li><li class='mega-menu-item mega-menu-item-type-post_type mega-menu-item-object-page mega-align-bottom-left mega-menu-flyout mega-menu-item-372' id='mega-menu-item-372'><a class=\"mega-menu-link\" href=\"https:\/\/www.mgt-conseils.com\/index.php\/project-management-office\/\" tabindex=\"0\">Project Management Office<\/a><\/li><li class='mega-menu-item mega-menu-item-type-post_type mega-menu-item-object-page mega-align-bottom-left mega-menu-flyout mega-menu-item-4085' id='mega-menu-item-4085'><a class=\"mega-menu-link\" href=\"https:\/\/www.mgt-conseils.com\/index.php\/conduite-du-changement\/\" tabindex=\"0\">Conduite du changement<\/a><\/li><li class='mega-menu-item mega-menu-item-type-post_type mega-menu-item-object-page mega-align-bottom-left mega-menu-flyout mega-menu-item-3826' id='mega-menu-item-3826'><a class=\"mega-menu-link\" href=\"https:\/\/www.mgt-conseils.com\/index.php\/erp\/\" tabindex=\"0\">Five ERP<\/a><\/li><\/ul><\/div>\n<\/div>\n<\/div><\/div><\/div><\/div><\/div><\/div><div id=\"pg-3990-2\"  class=\"panel-grid panel-has-style\" ><div class=\"lsow-row panel-row-style panel-row-style-for-3990-2\" style=\"background-color: #efefef; \" ><div id=\"pgc-3990-2-0\"  class=\"panel-grid-cell panel-grid-cell-empty\" ><\/div><div id=\"pgc-3990-2-1\"  class=\"panel-grid-cell panel-grid-cell-mobile-last\" ><div id=\"panel-3990-2-1-0\" class=\"so-panel widget widget_spacer panel-first-child\" data-index=\"2\" ><div class=\"so-widget-spacer so-widget-spacer-spacer-style-d75171398898\">\r\n\r\n\r\n\r\n\r\n<div class=\"spacer\" style=\"height: 0px\">\r\n<\/div><\/div><\/div><div id=\"panel-3990-2-1-1\" class=\"so-panel widget widget_sow-editor panel-last-child\" data-index=\"3\" ><div class=\"bandeaufont panel-widget-style panel-widget-style-for-3990-2-1-1\" ><div class=\"so-widget-sow-editor so-widget-sow-editor-base\">\n<div class=\"siteorigin-widget-tinymce textwidget\">\n\t<h3 style=\"text-align: center;\">R\u00e9organisation interne ? Changement d'outils informatiques ? Migration d'un logiciel ? ...<\/h3><h4 style=\"text-align: center;\"><span lang=\"fr\"><span id=\"divtagdefaultwrapper\" dir=\"ltr\">MGT Conseils vous accompagne dans votre projet de transformation num\u00e9rique<\/span><\/span><\/h4><\/div>\n<\/div><\/div><\/div><\/div><div id=\"pgc-3990-2-2\"  class=\"panel-grid-cell panel-grid-cell-empty\" ><\/div><\/div><\/div><div id=\"pg-3990-3\"  class=\"panel-grid panel-has-style\" ><div style=\"background-color: #ffffff; \" class=\"panel-row-style panel-row-style-for-3990-3\" ><div id=\"pgc-3990-3-0\"  class=\"panel-grid-cell panel-grid-cell-empty\" ><\/div><div id=\"pgc-3990-3-1\"  class=\"panel-grid-cell panel-grid-cell-mobile-last\" ><div id=\"panel-3990-3-1-0\" class=\"so-panel widget widget_spacer panel-first-child\" data-index=\"4\" ><div class=\"so-widget-spacer so-widget-spacer-spacer-style-d75171398898\">\r\n\r\n\r\n\r\n\r\n<div class=\"spacer\" style=\"height: 0px\">\r\n<\/div><\/div><\/div><div id=\"panel-3990-3-1-1\" class=\"so-panel widget widget_lsow-services\" data-index=\"5\" ><div class=\"so-widget-lsow-services so-widget-lsow-services-default-d75171398898\">\n\n\n<div class=\"lsow-services lsow-style2 lsow-grid-container\">\n\n    \n        \n        <div class=\"lsow-service-wrapper lsow-sixcol\">\n\n            <div class=\"lsow-service\">\n\n                \n                    <div class=\"lsow-icon-wrapper\">\n\n                        <span class=\"sow-icon-fontawesome sow-fas\" data-sow-icon=\"&#xf362;\"\n\t\t ><\/span>\n                    <\/div>\n\n                \n                <div class=\"lsow-service-text\">\n\n                    <h3 class=\"lsow-title\">PLANIFICATION DU CHANGEMENT<\/h3>\n\n                    <div class=\"lsow-service-details\">\u2022 \u00c9tude pr\u00e9alable du contexte et des impacts organisationnels, techniques, ...<br \/>\n\u2022 Identification de la population impact\u00e9e<br \/>\n\u2022 Cartographie des moteurs et des freins<br \/>\n\u2022 D\u00e9finition d\u2019une strat\u00e9gie de transition et d\u2019indicateurs de suivi<br \/>\n\u2022 Pilotage et organisation du projet.\n<\/div>\n\n                <\/div>\n\n            <\/div>\n\n        <\/div>\n\n    \n        \n        <div class=\"lsow-service-wrapper lsow-sixcol\">\n\n            <div class=\"lsow-service\">\n\n                \n                    <div class=\"lsow-icon-wrapper\">\n\n                        <span class=\"sow-icon-fontawesome sow-fas\" data-sow-icon=\"&#xf02d;\"\n\t\t ><\/span>\n                    <\/div>\n\n                \n                <div class=\"lsow-service-text\">\n\n                    <h3 class=\"lsow-title\">FORMATION<\/h3>\n\n                    <div class=\"lsow-service-details\">\u2022 Identification des profils utilisateurs, des contraintes, du contexte et des objectifs<br \/> \n\u2022 Mise en \u0153uvre des kits techniques et administratifs<br \/>\n\u2022 Cr\u00e9ation de supports p\u00e9dagogiques : supports, ateliers, modules e-learning<br \/>\n\u2022 Formation \u00ab sur mesure \u00bb en pr\u00e9sentiel ou en e-learning<br \/><\/div>\n\n                <\/div>\n\n            <\/div>\n\n        <\/div>\n\n    \n        \n        <div class=\"lsow-service-wrapper lsow-sixcol\">\n\n            <div class=\"lsow-service\">\n\n                \n                    <div class=\"lsow-icon-wrapper\">\n\n                        <span class=\"sow-icon-fontawesome sow-far\" data-sow-icon=\"&#xf086;\"\n\t\t ><\/span>\n                    <\/div>\n\n                \n                <div class=\"lsow-service-text\">\n\n                    <h3 class=\"lsow-title\">COMMUNICATION<\/h3>\n\n                    <div class=\"lsow-service-details\">\u2022 D\u00e9finition d\u2019un plan de communication <br \/>\n\u2022 Promotion du changement en interne (newsletter, vid\u00e9os...)<br \/>\n\u2022 Bar\u00f4m\u00e8tre<br \/>\n\u2022 1er Kit de connexion<br \/>\n\u2022 Retour d\u2019exp\u00e9riences\n<\/div>\n\n                <\/div>\n\n            <\/div>\n\n        <\/div>\n\n    \n        \n        <div class=\"lsow-service-wrapper lsow-sixcol\">\n\n            <div class=\"lsow-service\">\n\n                \n                    <div class=\"lsow-icon-wrapper\">\n\n                        <span class=\"sow-icon-fontawesome sow-fas\" data-sow-icon=\"&#xf1cd;\"\n\t\t ><\/span>\n                    <\/div>\n\n                \n                <div class=\"lsow-service-text\">\n\n                    <h3 class=\"lsow-title\">ACCOMPAGNEMENT UTILISATEURS<\/h3>\n\n                    <div class=\"lsow-service-details\">\u2022 Aide fonctionnelle au quotidien <br \/>\n\u2022 Support sur le poste de travail et directement sur l\u2019application <br \/>\n\u2022 Hotline<br \/>\n\u2022 FAQ et retour d\u2019exp\u00e9rience<br \/>\n\u2022 \u00c9valuations<\/div>\n\n                <\/div>\n\n            <\/div>\n\n        <\/div>\n\n    \n<\/div><\/div><\/div><div id=\"panel-3990-3-1-2\" class=\"so-panel widget widget_sow-button\" data-index=\"6\" ><div class=\"so-widget-sow-button so-widget-sow-button-flat-dbf812fc2895\"><div class=\"ow-button-base ow-button-align-center\">\n\t<a href=\"https:\/\/www.mgt-conseils.com\/index.php\/contact\/\" class=\"ow-icon-placement-left ow-button-hover\" target=\"_blank\" rel=\"noopener noreferrer\" \t\t>\n\t\t<span>\n\t\t\t\n\t\t\tContactez-nous\t\t<\/span>\n\t<\/a>\n<\/div>\n<\/div><\/div><div id=\"panel-3990-3-1-3\" class=\"so-panel widget widget_spacer panel-last-child\" data-index=\"7\" ><div class=\"so-widget-spacer so-widget-spacer-spacer-style-d75171398898\">\r\n\r\n\r\n\r\n\r\n<div class=\"spacer\" style=\"height: 0px\">\r\n<\/div><\/div><\/div><\/div><div id=\"pgc-3990-3-2\"  class=\"panel-grid-cell panel-grid-cell-empty\" ><\/div><\/div><\/div><div id=\"pg-3990-4\"  class=\"panel-grid panel-has-style\" ><div class=\"lsow-dark-bg siteorigin-panels-stretch panel-row-style panel-row-style-for-3990-4\" style=\"background-color: #f39200; color: #ffffff; \" data-stretch-type=\"full\" ><div id=\"pgc-3990-4-0\"  class=\"panel-grid-cell panel-grid-cell-empty\" ><\/div><div id=\"pgc-3990-4-1\"  class=\"panel-grid-cell\" ><div id=\"panel-3990-4-1-0\" class=\"so-panel widget widget_sow-image panel-first-child panel-last-child\" data-index=\"8\" ><div class=\"panel-widget-style panel-widget-style-for-3990-4-1-0\" ><div class=\"so-widget-sow-image so-widget-sow-image-default-7877d6771435\">\n\n<div class=\"sow-image-container\">\n\t<img src=\"https:\/\/www.mgt-conseils.com\/wp-content\/uploads\/2017\/02\/photo_conduite_changement_formations.png\" width=\"450\" height=\"271\" srcset=\"https:\/\/www.mgt-conseils.com\/wp-content\/uploads\/2017\/02\/photo_conduite_changement_formations.png 450w, https:\/\/www.mgt-conseils.com\/wp-content\/uploads\/2017\/02\/photo_conduite_changement_formations-300x181.png 300w\" sizes=\"(max-width: 450px) 100vw, 450px\" alt=\"\" \t\tclass=\"so-widget-image\"\/>\n<\/div>\n\n<\/div><\/div><\/div><\/div><div id=\"pgc-3990-4-2\"  class=\"panel-grid-cell panel-grid-cell-mobile-last\" ><div id=\"panel-3990-4-2-0\" class=\"so-panel widget widget_spacer panel-first-child\" data-index=\"9\" ><div class=\"so-widget-spacer so-widget-spacer-spacer-style-d75171398898\">\r\n\r\n\r\n\r\n\r\n<div class=\"spacer\" style=\"height: 0px\">\r\n<\/div><\/div><\/div><div id=\"panel-3990-4-2-1\" class=\"so-panel widget widget_sow-editor\" data-index=\"10\" ><div class=\"so-widget-sow-editor so-widget-sow-editor-base\">\n<div class=\"siteorigin-widget-tinymce textwidget\">\n\t<h2 style=\"text-align: left;\"><strong>Et en Afrique, un changement sur mesure<\/strong><\/h2>\n<p style=\"text-align: justify;\">Fort de ses 15 ann\u00e9es d'exp\u00e9riences, MGT Conseils a acquis une expertise dans la <strong>conduite du changement<\/strong> en <strong>France<\/strong> mais aussi en <strong>Afrique de l'Ouest<\/strong>.<\/p>\n<p style=\"text-align: justify;\">Install\u00e9 en <strong>C\u00f4te d'Ivoire<\/strong> et au <strong>B\u00e9nin<\/strong>, MGT Conseils garantit <strong>proximit\u00e9<\/strong> et <strong>disponibilit\u00e9<\/strong> aupr\u00e8s de ses clients africains.<\/p>\n<p style=\"text-align: justify;\">Gr\u00e2ce \u00e0 une forte maitrise des organisations en Afrique, MGT Conseils a d\u00e9velopp\u00e9 des m\u00e9thodes d'appropriation et de sensibilisation adapt\u00e9es \u00e0 la culture du travail sur le continent, facilitant la transition vers un nouveau syst\u00e8me.<\/p>\n<\/div>\n<\/div><\/div><div id=\"panel-3990-4-2-2\" class=\"so-panel widget widget_sow-button\" data-index=\"11\" ><div class=\"so-widget-sow-button so-widget-sow-button-flat-dbf812fc2895\"><div class=\"ow-button-base ow-button-align-left\">\n\t<a href=\"https:\/\/www.mgt-conseils.com\/index.php\/contact\/\" class=\"ow-icon-placement-left ow-button-hover\" target=\"_blank\" rel=\"noopener noreferrer\" \t\t>\n\t\t<span>\n\t\t\t\n\t\t\tContactez-nous\t\t<\/span>\n\t<\/a>\n<\/div>\n<\/div><\/div><div id=\"panel-3990-4-2-3\" class=\"so-panel widget widget_spacer panel-last-child\" data-index=\"12\" ><div class=\"so-widget-spacer so-widget-spacer-spacer-style-d75171398898\">\r\n\r\n\r\n\r\n\r\n<div class=\"spacer\" style=\"height: 0px\">\r\n<\/div><\/div><\/div><\/div><div id=\"pgc-3990-4-3\"  class=\"panel-grid-cell panel-grid-cell-empty\" ><\/div><\/div><\/div><div id=\"pg-3990-5\"  class=\"panel-grid panel-has-style\" ><div class=\"lsow-row panel-row-style panel-row-style-for-3990-5\" style=\"background-color: #efefef; \" ><div id=\"pgc-3990-5-0\"  class=\"panel-grid-cell panel-grid-cell-empty\" ><\/div><div id=\"pgc-3990-5-1\"  class=\"panel-grid-cell panel-grid-cell-mobile-last\" ><div id=\"panel-3990-5-1-0\" class=\"so-panel widget widget_spacer panel-first-child\" data-index=\"13\" ><div class=\"so-widget-spacer so-widget-spacer-spacer-style-d75171398898\">\r\n\r\n\r\n\r\n\r\n<div class=\"spacer\" style=\"height: 0px\">\r\n<\/div><\/div><\/div><div id=\"panel-3990-5-1-1\" class=\"so-panel widget widget_sow-editor panel-last-child\" data-index=\"14\" ><div class=\"bandeaufont panel-widget-style panel-widget-style-for-3990-5-1-1\" ><div class=\"so-widget-sow-editor so-widget-sow-editor-base\">\n<div class=\"siteorigin-widget-tinymce textwidget\">\n\t<h3 style=\"text-align: center;\">Ils nous font confiance pour leur conduite du changement<\/h3>\n<h4 style=\"text-align: center;\">Pourquoi pas vous ?<\/h4>\n<\/div>\n<\/div><\/div><\/div><\/div><div id=\"pgc-3990-5-2\"  class=\"panel-grid-cell panel-grid-cell-empty\" ><\/div><\/div><\/div><div id=\"pg-3990-6\"  class=\"panel-grid panel-has-style\" ><div style=\"background-color: #ffffff; \" class=\"panel-row-style panel-row-style-for-3990-6\" ><div id=\"pgc-3990-6-0\"  class=\"panel-grid-cell panel-grid-cell-empty\" ><\/div><div id=\"pgc-3990-6-1\"  class=\"panel-grid-cell panel-grid-cell-mobile-last\" ><div id=\"panel-3990-6-1-0\" class=\"so-panel widget widget_spacer panel-first-child\" data-index=\"15\" ><div class=\"so-widget-spacer so-widget-spacer-spacer-style-d75171398898\">\r\n\r\n\r\n\r\n\r\n<div class=\"spacer\" style=\"height: 0px\">\r\n<\/div><\/div><\/div><div id=\"panel-3990-6-1-1\" class=\"so-panel widget widget_lsow-carousel panel-last-child\" data-index=\"16\" ><div class=\"panel-widget-style panel-widget-style-for-3990-6-1-1\" ><div class=\"so-widget-lsow-carousel so-widget-lsow-carousel-default-3dd089290af6\">\n    <div\n        class=\"lsow-carousel lsow-container\"  \n                    data-arrows=\"1\"        \n    \n                    data-dots=\"1\"        \n    \n                    data-autoplay=\"1\"        \n    \n                    data-autoplay_speed=\"5000\"        \n    \n                    data-animation_speed=\"300\"        \n    \n                    data-pause_on_hover=\"1\"        \n    \n                    data-display_columns=\"3\"        \n    \n                    data-scroll_columns=\"1\"        \n    \n                    data-gutter=\"10\"        \n    \n                    data-so_field_container_state=\"open\"        \n    \n                    data-tablet_width=\"800\"        \n    \n                    data-tablet_display_columns=\"1\"        \n    \n                    data-tablet_scroll_columns=\"1\"        \n    \n                    data-mobile_width=\"480\"        \n    \n                    data-mobile_display_columns=\"1\"        \n    \n                    data-mobile_scroll_columns=\"1\"        \n    >\n\n        \n            <div class=\"lsow-carousel-item\">\n\n                <p><img class=\"aligncenter wp-image-4076 size-full\" src=\"https:\/\/www.mgt-conseils.com\/wp-content\/uploads\/2017\/02\/reference_conduite_changement.png\" width=\"200\" height=\"60\" \/><\/p><p><strong>Audiens<\/strong><\/p><ul><li>\u2022 D\u00e9finition du plan de conduite du changement<\/li><li>\u2022 Formation des gestionnaires \u00e0 l'appropriation du nouvel outil de gestion<\/li><li>\u2022 Actions de sensibilisation et assistance des utilisateurs lors du d\u00e9marrage de l'utilisation de l'outil<\/li><\/ul>\n            <\/div><!--.lsow-carousel-item -->\n\n        \n            <div class=\"lsow-carousel-item\">\n\n                <p><img class=\"alignnone size-full wp-image-4080 aligncenter\" src=\"https:\/\/www.mgt-conseils.com\/wp-content\/uploads\/2017\/02\/reference_conduite_changement_cnps-1.png\" alt=\"\" width=\"200\" height=\"60\" \/><\/p><p><strong>Caisse Nationale de Pr\u00e9voyance Sociale<br \/><\/strong><\/p><ul><li>\u2022Sensibilisation des directeurs \u00e0 la m\u00e9thode d'\u00e9laboration d'un plan strat\u00e9gique<\/li><\/ul>\n            <\/div><!--.lsow-carousel-item -->\n\n        \n            <div class=\"lsow-carousel-item\">\n\n                <p><img class=\"size-full wp-image-4078 aligncenter\" src=\"https:\/\/www.mgt-conseils.com\/wp-content\/uploads\/2017\/02\/reference_conduite_creditagricoleassurance.png\" alt=\"\" width=\"200\" height=\"60\" \/><\/p><p><strong>Predica<\/strong><b><br \/> <\/b><\/p><ul><li>\u2022 Pilotage et coordination des actions de conduite du changement (Communication, Formation R\u00e9seau et Back Office, \u00c9volution des proc\u00e9dure, Cr\u00e9ation et mise \u00e0 jour des documents contractuels)<\/li><\/ul>\n            <\/div><!--.lsow-carousel-item -->\n\n        \n    <\/div> <!-- .lsow-carousel -->\n\n<\/div><\/div><\/div><\/div><div id=\"pgc-3990-6-2\"  class=\"panel-grid-cell panel-grid-cell-empty\" ><\/div><\/div><\/div><\/div>","protected":false},"excerpt":{"rendered":"<p>\u00a0Conduite du changement N&rsquo;avancez plus les yeux ferm\u00e9s Je veux \u00eatre appel\u00e9(e) SERVICESSERVICESBig DataBusiness IntelligenceBusiness Process ManagementProject Management OfficeConduite du [&hellip;]<\/p>\n","protected":false},"author":1,"featured_media":0,"parent":0,"menu_order":0,"comment_status":"closed","ping_status":"closed","template":"template-home.php","meta":[],"yoast_head":"<!-- This site is optimized with the Yoast SEO plugin v15.6.2 - https:\/\/yoast.com\/wordpress\/plugins\/seo\/ -->\n<title>Conduite du changement - MGT Conseils<\/title>\n<meta name=\"robots\" content=\"index, follow, max-snippet:-1, max-image-preview:large, max-video-preview:-1\" \/>\n<link rel=\"canonical\" href=\"https:\/\/www.mgt-conseils.com\/index.php\/conduite-du-changement\/\" \/>\n<meta property=\"og:locale\" content=\"fr_FR\" \/>\n<meta property=\"og:type\" content=\"article\" \/>\n<meta property=\"og:title\" content=\"Conduite du changement - MGT Conseils\" \/>\n<meta property=\"og:description\" content=\"\u00a0Conduite du changement N&#039;avancez plus les yeux ferm\u00e9s Je veux \u00eatre appel\u00e9(e) SERVICESSERVICESBig DataBusiness IntelligenceBusiness Process ManagementProject Management OfficeConduite du [&hellip;]\" \/>\n<meta property=\"og:url\" content=\"https:\/\/www.mgt-conseils.com\/index.php\/conduite-du-changement\/\" \/>\n<meta property=\"og:site_name\" content=\"MGT Conseils\" \/>\n<meta property=\"article:modified_time\" content=\"2017-02-20T09:26:20+00:00\" \/>\n<meta property=\"og:image\" content=\"https:\/\/www.mgt-conseils.com\/wp-content\/uploads\/2017\/02\/conduiteduchangement_3.jpg\" \/>\n<meta name=\"twitter:card\" content=\"summary\" \/>\n<meta name=\"twitter:label1\" content=\"Dur\u00e9e de lecture est.\">\n\t<meta name=\"twitter:data1\" content=\"3 minutes\">\n<script type=\"application\/ld+json\" class=\"yoast-schema-graph\">{\"@context\":\"https:\/\/schema.org\",\"@graph\":[{\"@type\":\"WebSite\",\"@id\":\"https:\/\/www.mgt-conseils.com\/#website\",\"url\":\"https:\/\/www.mgt-conseils.com\/\",\"name\":\"MGT Conseils\",\"description\":\"Acc\\u00e9l\\u00e9rateur de performance\",\"potentialAction\":[{\"@type\":\"SearchAction\",\"target\":\"https:\/\/www.mgt-conseils.com\/?s={search_term_string}\",\"query-input\":\"required name=search_term_string\"}],\"inLanguage\":\"fr-FR\"},{\"@type\":\"ImageObject\",\"@id\":\"https:\/\/www.mgt-conseils.com\/index.php\/conduite-du-changement\/#primaryimage\",\"inLanguage\":\"fr-FR\",\"url\":\"https:\/\/www.mgt-conseils.com\/wp-content\/uploads\/2017\/02\/conduiteduchangement_3.jpg\",\"width\":450,\"height\":271},{\"@type\":\"WebPage\",\"@id\":\"https:\/\/www.mgt-conseils.com\/index.php\/conduite-du-changement\/#webpage\",\"url\":\"https:\/\/www.mgt-conseils.com\/index.php\/conduite-du-changement\/\",\"name\":\"Conduite du changement - MGT Conseils\",\"isPartOf\":{\"@id\":\"https:\/\/www.mgt-conseils.com\/#website\"},\"primaryImageOfPage\":{\"@id\":\"https:\/\/www.mgt-conseils.com\/index.php\/conduite-du-changement\/#primaryimage\"},\"datePublished\":\"2017-02-13T10:20:40+00:00\",\"dateModified\":\"2017-02-20T09:26:20+00:00\",\"inLanguage\":\"fr-FR\",\"potentialAction\":[{\"@type\":\"ReadAction\",\"target\":[\"https:\/\/www.mgt-conseils.com\/index.php\/conduite-du-changement\/\"]}]}]}<\/script>\n<!-- \/ Yoast SEO plugin. -->","_links":{"self":[{"href":"https:\/\/www.mgt-conseils.com\/index.php\/wp-json\/wp\/v2\/pages\/3990"}],"collection":[{"href":"https:\/\/www.mgt-conseils.com\/index.php\/wp-json\/wp\/v2\/pages"}],"about":[{"href":"https:\/\/www.mgt-conseils.com\/index.php\/wp-json\/wp\/v2\/types\/page"}],"author":[{"embeddable":true,"href":"https:\/\/www.mgt-conseils.com\/index.php\/wp-json\/wp\/v2\/users\/1"}],"replies":[{"embeddable":true,"href":"https:\/\/www.mgt-conseils.com\/index.php\/wp-json\/wp\/v2\/comments?post=3990"}],"version-history":[{"count":19,"href":"https:\/\/www.mgt-conseils.com\/index.php\/wp-json\/wp\/v2\/pages\/3990\/revisions"}],"predecessor-version":[{"id":4024,"href":"https:\/\/www.mgt-conseils.com\/index.php\/wp-json\/wp\/v2\/pages\/3990\/revisions\/4024"}],"wp:attachment":[{"href":"https:\/\/www.mgt-conseils.com\/index.php\/wp-json\/wp\/v2\/media?parent=3990"}],"curies":[{"name":"wp","href":"https:\/\/api.w.org\/{rel}","templated":true}]}}