{"id":952,"date":"2016-03-14T10:32:14","date_gmt":"2016-03-14T09:32:14","guid":{"rendered":"https:\/\/www.mgt-conseils.com\/?page_id=952"},"modified":"2018-11-29T12:16:37","modified_gmt":"2018-11-29T11:16:37","slug":"recrutement","status":"publish","type":"page","link":"https:\/\/www.mgt-conseils.com\/index.php\/recrutement\/","title":{"rendered":"Carri\u00e8re"},"content":{"rendered":"<div id=\"pl-952\"  class=\"panel-layout\" ><div id=\"pg-952-0\"  class=\"panel-grid panel-has-style\" ><div id=\"newheader\" class=\"panel-row-style panel-row-style-for-952-0\" ><div id=\"pgc-952-0-0\"  class=\"panel-grid-cell\" ><div id=\"panel-952-0-0-0\" class=\"so-panel widget widget_lsow-hero-image panel-first-child\" data-index=\"0\" ><div class=\"so-widget-lsow-hero-image so-widget-lsow-hero-image-default-f81bf4c7171c\">\n\n<div class=\"lsow-hero-header lsow-section-bg-cover\" >\n\n    <div class=\"lsow-background\">\n\n        \n            \n            \n                \n                    <div class=\"lsow-image-bg\"\n                         style=\"background-image: url(https:\/\/www.mgt-conseils.com\/wp-content\/uploads\/2016\/02\/hero_header_slide_1_v3.jpg);\"><\/div>\n\n                \n            \n        \n    <\/div><!-- .lsow-background -->\n\n    \n        <div class=\"lsow-overlay\" style=\"background-color: rgba(51, 51, 51, 0.6);\"><\/div>\n\n    \n    <div class=\"lsow-header-content\">\n\n        \n            <div class=\"lsow-custom-header\">\n\n                <p class=\"animate-plus animate-init animated fadeInDown\" style=\"text-align: center;\" data-animation-group=\"_0\" data-animations=\"fadeInDown\" data-animation-delay=\"0.5s\"><span style=\"color: #ffffff;\"><i class=\"fa fa- fa-briefcase fa-4x\"><\/i><\/span><\/p>\n<h1 style=\"text-align: center;\"><span style=\"color: #ffffff;\"><strong>Rejoindre l'aventure MGT Conseils<br \/>\n<\/strong><\/span><\/h1>\n<h2 style=\"text-align: center;\"><span style=\"color: #ffffff;\">\"D\u00e9couvrez l\u2019univers d\u2019une petite entreprise experte de la DATA\"<\/span><\/h2>\n\n            <\/div>\n\n        \n\n    <\/div>\n\n    \n<\/div><\/div><\/div><div id=\"panel-952-0-0-1\" class=\"so-panel widget widget_spacer panel-last-child\" data-index=\"1\" ><div class=\"so-widget-spacer so-widget-spacer-spacer-style-d75171398898\">\r\n\r\n\r\n\r\n\r\n<div class=\"spacer\" style=\"height: 3px\">\r\n<\/div><\/div><\/div><\/div><\/div><\/div><div id=\"pg-952-1\"  class=\"panel-grid panel-has-style\" ><div class=\"lsow-dark-bg siteorigin-panels-stretch panel-row-style panel-row-style-for-952-1\" data-stretch-type=\"full\" ><div id=\"pgc-952-1-0\"  class=\"panel-grid-cell\" ><div class=\"panel-cell-style panel-cell-style-for-952-1-0\" ><div id=\"panel-952-1-0-0\" class=\"so-panel widget widget_lsow-hero-image panel-first-child panel-last-child\" data-index=\"2\" ><div class=\"so-widget-lsow-hero-image so-widget-lsow-hero-image-default-f81bf4c7171c\">\n\n<div class=\"lsow-hero-header lsow-section-bg-html5video\" >\n\n    <div class=\"lsow-background\">\n\n        \n            <div class=\"lsow-html5-video-bg\">\n\n                <video poster=\"\" preload=\"auto\"\n                       autoplay loop muted>\n\n                    <source src=\"https:\/\/www.mgt-conseils.com\/wp-content\/uploads\/2016\/11\/powtoon-cPDSnYzncsg.mp4\"\n                            type=\"video\/mp4\">\n                    <source src=\"\"\n                            type=\"video\/ogg\">\n                    <source src=\"\"\n                            type=\"video\/webm\">\n\n                <\/video>\n\n            <\/div><!-- .lsow-html5-video-bg -->\n\n        \n    <\/div><!-- .lsow-background -->\n\n    \n        <div class=\"lsow-overlay\" style=\"background-color: rgba(51, 51, 51, 0);\"><\/div>\n\n    \n    <div class=\"lsow-header-content\">\n\n        \n            <div class=\"lsow-custom-header\">\n\n                \n            <\/div>\n\n        \n\n    <\/div>\n\n    \n<\/div><\/div><\/div><\/div><\/div><div id=\"pgc-952-1-1\"  class=\"panel-grid-cell\" ><div class=\"panel-cell-style panel-cell-style-for-952-1-1\" ><div id=\"panel-952-1-1-0\" class=\"so-panel widget widget_sow-editor panel-first-child\" data-index=\"3\" ><div class=\"so-widget-sow-editor so-widget-sow-editor-base\">\n<div class=\"siteorigin-widget-tinymce textwidget\">\n\t<h3><span style=\"color: #f39200;\"><strong>MGT Conseils<\/strong>, sp\u00e9cialiste dans la mise en \u0153uvre de solutions de Gestion et de Pilotage de l\u2019Entreprise recrute<\/span><\/h3>\n<ul>\n<li>Rencontre une \u00e9quipe jeune et dynamique toujours pr\u00eate pour un <strong>afterwork<\/strong><\/li>\n<li>B\u00e9n\u00e9ficie d'une <strong>politique de r\u00e9mun\u00e9ration<\/strong> qui valorise ton investissement dans l'entreprise ( prime de certification, apport d'affaires, ...)<\/li>\n<\/ul>\n<\/div>\n<\/div><\/div><div id=\"panel-952-1-1-2\" class=\"so-panel widget widget_text panel-last-child\" data-index=\"5\" >\t\t\t<div class=\"textwidget\"><div class=\"job_listings\" data-location=\"\" data-keywords=\"\" data-show_filters=\"true\" data-show_pagination=\"false\" data-per_page=\"10\" data-orderby=\"featured\" data-order=\"DESC\" data-categories=\"\" data-disable-form-state-storage=\"\" data-post_id=\"0\" >\n<form class=\"job_filters\">\n\t\n\t<div class=\"search_jobs\">\n\t\t\n\t\t<div class=\"search_keywords\">\n\t\t\t<label for=\"search_keywords\">Mots-cl\u00e9s<\/label>\n\t\t\t<input type=\"text\" name=\"search_keywords\" id=\"search_keywords\" placeholder=\"Mots-cl\u00e9s\" value=\"\" \/>\n\t\t<\/div>\n\n\t\t<div class=\"search_location\">\n\t\t\t<label for=\"search_location\">Lieu du poste<\/label>\n\t\t\t<input type=\"text\" name=\"search_location\" id=\"search_location\" placeholder=\"Lieu du poste\" value=\"\" \/>\n\t\t<\/div>\n\n\t\t<div style=\"clear: both\"><\/div>\n\n\t\t\t\t\t<div class=\"search_categories\">\n\t\t\t\t<label for=\"search_categories\">Cat\u00e9gorie<\/label>\n\t\t\t\t\t\t\t\t\t<select name='search_categories[]' id='search_categories' class='job-manager-category-dropdown '  data-placeholder='Choisissez une cat\u00e9gorie&hellip;' data-no_results_text='Aucun r\u00e9sultat' data-multiple_text='Choisir une option'>\n<option value=\"\">N&#039;importe quelle cat\u00e9gorie<\/option>\t<option class=\"level-0\" value=\"30\">Business Intelligence<\/option>\n\t<option class=\"level-0\" value=\"33\">Commerce<\/option>\n<\/select>\n\t\t\t\t\t\t\t<\/div>\n\t\t\n\t\t\t\t\t<div class=\"search_submit\">\n\t\t\t\t<input type=\"submit\" value=\"Rechercher des postes\">\n\t\t\t<\/div>\n\t\t\n\t\t\t<\/div>\n\n\t\t<ul class=\"job_types\">\n\t\t\t\t\t<li><label for=\"job_type_alternance\" class=\"alternance\"><input type=\"checkbox\" name=\"filter_job_type[]\" value=\"alternance\"  checked='checked' id=\"job_type_alternance\" \/> Alternance<\/label><\/li>\n\t\t\t\t\t<li><label for=\"job_type_cdd\" class=\"cdd\"><input type=\"checkbox\" name=\"filter_job_type[]\" value=\"cdd\"  checked='checked' id=\"job_type_cdd\" \/> CDD<\/label><\/li>\n\t\t\t\t\t<li><label for=\"job_type_cdi\" class=\"cdi\"><input type=\"checkbox\" name=\"filter_job_type[]\" value=\"cdi\"  checked='checked' id=\"job_type_cdi\" \/> CDI<\/label><\/li>\n\t\t\t\t\t<li><label for=\"job_type_freelance\" class=\"freelance\"><input type=\"checkbox\" name=\"filter_job_type[]\" value=\"freelance\"  checked='checked' id=\"job_type_freelance\" \/> Freelance<\/label><\/li>\n\t\t\t\t\t<li><label for=\"job_type_stage\" class=\"stage\"><input type=\"checkbox\" name=\"filter_job_type[]\" value=\"stage\"  checked='checked' id=\"job_type_stage\" \/> Stage<\/label><\/li>\n\t\t\t<\/ul>\n\t<input type=\"hidden\" name=\"filter_job_type[]\" value=\"\" \/>\n<div class=\"showing_jobs\"><\/div><\/form>\n\n\n<noscript>Votre navigateur ne supporte pas JavaScript, ou bien JavaScript est d\u00e9sactiv\u00e9. JavaScript doit \u00eatre activ\u00e9 pour pouvoir visualiser des postes.<\/noscript>\n<ul class=\"job_listings\">\n<\/ul>\n<a class=\"load_more_jobs\" href=\"#\" style=\"display:none;\"><strong>Afficher plus de postes<\/strong><\/a><\/div>\n\n<style type=\"text\/css\">\n\nimg.company_logo {\nvisibility: hidden; \n}\n.company\n{\ndisplay:none;\n}\n\n.position h3\n{\nfont-family: Open Sans;\nfont-style: normal; \nfont-weight: 700; \nfont-size:16px; \ncolor:rgb(64, 64, 64);\n}\n\n<\/style> <\/div>\n\t\t<\/div><\/div><\/div><div id=\"pgc-952-1-2\"  class=\"panel-grid-cell\" ><div class=\"panel-cell-style panel-cell-style-for-952-1-2\" ><div id=\"panel-952-1-2-0\" class=\"so-panel widget widget_lsow-carousel panel-first-child\" data-index=\"6\" ><div class=\"panel-widget-style panel-widget-style-for-952-1-2-0\" ><div class=\"so-widget-lsow-carousel so-widget-lsow-carousel-default-3dd089290af6\">\n    <div\n        class=\"lsow-carousel lsow-container\"  \n                    data-arrows=\"1\"        \n    \n                    data-autoplay=\"1\"        \n    \n                    data-autoplay_speed=\"3000\"        \n    \n                    data-animation_speed=\"300\"        \n    \n                    data-pause_on_hover=\"1\"        \n    \n                    data-display_columns=\"1\"        \n    \n                    data-scroll_columns=\"1\"        \n    \n                    data-gutter=\"10\"        \n    \n                    data-so_field_container_state=\"open\"        \n    \n        \n    \n                    data-tablet_width=\"800\"        \n    \n                    data-tablet_display_columns=\"1\"        \n    \n                    data-tablet_scroll_columns=\"1\"        \n    \n                    data-mobile_width=\"480\"        \n    \n                    data-mobile_display_columns=\"1\"        \n    \n                    data-mobile_scroll_columns=\"1\"        \n    >\n\n        \n            <div class=\"lsow-carousel-item\">\n\n                <br \/><p style=\"text-align: center;font-size: 200%\"><strong>Travaillez<br \/> chez nos clients<br \/> grands comptes<\/strong><\/p>\n            <\/div><!--.lsow-carousel-item -->\n\n        \n            <div class=\"lsow-carousel-item\">\n\n                <br \/><p style=\"text-align: center;font-size: 200%\"><strong>Vivez <br \/>une exp\u00e9rience<br \/> \u00e0 l'\u00e9tranger<\/strong><\/p>\n            <\/div><!--.lsow-carousel-item -->\n\n        \n            <div class=\"lsow-carousel-item\">\n\n                <br \/><p style=\"text-align: center;font-size: 200%\"><strong>Un bureau<br \/> sur les <br \/>Champs Elys\u00e9es<\/strong><\/p>\n            <\/div><!--.lsow-carousel-item -->\n\n        \n            <div class=\"lsow-carousel-item\">\n\n                <br \/><p style=\"text-align: center;font-size: 200%\"><strong>De futurs<br \/>\nprojets<br \/>\ninnovants<\/strong><\/p>\n            <\/div><!--.lsow-carousel-item -->\n\n        \n    <\/div> <!-- .lsow-carousel -->\n\n<\/div><\/div><\/div><div id=\"panel-952-1-2-1\" class=\"so-panel widget widget_sow-editor\" data-index=\"7\" ><div class=\"panel-widget-style panel-widget-style-for-952-1-2-1\" ><div class=\"so-widget-sow-editor so-widget-sow-editor-base\">\n<div class=\"siteorigin-widget-tinymce textwidget\">\n\t<h3 style=\"text-align: center;\">Retrouvons nous sur<br \/>\n<a href=\"https:\/\/fr.glassdoor.be\/Pr\u00e9sentation\/Travailler-chez-MGT-Conseils-EI_IE1315937.16,28.htm\"><img class=\"aligncenter\" src=\"https:\/\/fr.glassdoor.be\/api\/widget\/verticalStarRating.htm?e=1315937\" width=\"150px\" \/><\/a><\/h3>\n<\/div>\n<\/div><\/div><\/div><div id=\"panel-952-1-2-2\" class=\"so-panel widget widget_lsow-hero-image\" data-index=\"8\" ><div class=\"panel-widget-style panel-widget-style-for-952-1-2-2\" ><div class=\"so-widget-lsow-hero-image so-widget-lsow-hero-image-default-365d69227a0e\">\n\n<div class=\"lsow-hero-header lsow-section-bg-cover\" >\n\n    <div class=\"lsow-background\">\n\n        \n            \n            \n                \n                    <div class=\"lsow-image-bg\"\n                         style=\"background-image: url(https:\/\/www.mgt-conseils.com\/wp-content\/uploads\/2017\/08\/1837_low.jpg);\"><\/div>\n\n                \n            \n        \n    <\/div><!-- .lsow-background -->\n\n    \n        <div class=\"lsow-overlay\" style=\"background-color: rgba(51, 51, 51, 0.31);\"><\/div>\n\n    \n    <div class=\"lsow-header-content\">\n\n        \n            <div class=\"lsow-custom-header\">\n\n                <h3 style=\"text-align: center;\"><span style=\"color: #ffffff;\">Partageons nos valeurs<\/span><\/h3>\n<p style=\"text-align: center;\"><script src=\"https:\/\/ajax.googleapis.com\/ajax\/libs\/webfont\/1.5.10\/webfont.js\"><\/script><script type=\"text\/javascript\">\r\nWebFont.load({\r\n\tgoogle: {families:['Arial'],\r\n        api: '\/fonts\/api'} \r\n})\r\n<\/script> <style type=\"text\/css\"><\/style><style type=\"text\/css\">\r\n\r\n\r\n.button_wrapper_id_5927{\r\n\tmargin-top: 10px!important;\r\n\tmargin-right: 10px!important;\r\n\tmargin-bottom: 10px!important;\r\n\tmargin-left: 10px!important;\r\n\tdisplay: inline-block;}\r\n.button_container_id_5927{\r\n\twidth: 140px!important;\t\r\n\ttext-align: center!important;\r\n\tmargin: 0 auto!important;\t\r\n}\r\n\r\n\r\n.wd_button_5927{\r\n\t line-height: 1.42857143;\r\n\ttext-decoration: none!important;\r\n\tdisplay: inline-block;\r\n\tborder-bottom: none;\t\r\n\twidth: 140px!important;\r\n\theight: 45px;\r\n\tpadding-top: 10px!important;\r\n\tpadding-right: 10px!important;\r\n\tpadding-bottom: 10px!important;\r\n\tpadding-left: 10px!important;\r\n\tcolor: #ffffff!important;\r\n\tfont-family:Arial;\r\n\tfont-size: 15px!important;\r\n\tfont-weight: bold;\r\n\tfont-style: ;\r\n\ttext-align: center;\r\n\r\n\t\t\tborder-top-left-radius: 10px;\r\n\t\tborder-top-right-radius: 10px;\r\n\t\tborder-bottom-left-radius:  10px;\r\n\t\tborder-bottom-right-radius: 10px;\r\n\t\t\r\n\t\t\r\n\r\n\t\t\t\t\tborder-style: solid;\r\n\t\t\tborder-width: 3px;\r\n\t\t\tborder-color: #f39200;\r\n\t\t\t\t\t\ttext-shadow:0px 0px 0px #ffffff;\r\n\r\n\r\n\t\t\t-webkit-box-shadow: 0px 0px 0px #b5b5b5;\r\n\t\t\t-moz-box-shadow: 0px 0px 0px #b5b5b5;\r\n\t\t\tbox-shadow: 0px 0px 0px #b5b5b5;\r\n\r\n\r\n\t\t\tbackground: -webkit-gradient(linear, left top, left bottom, color-stop(45%, rgba(243,146,0,1)), color-stop(1, rgba(243,146,0,1)));\r\n\t\t\tbackground: -moz-linear-gradient(rgba(243,146,0,1) 45%, rgba(243,146,0,1));\r\n\t\t\tbackground: -o-linear-gradient(rgba(243,146,0,1) 45%, rgba(243,146,0,1));\r\n\t\t\tbackground: linear-gradient(rgba(243,146,0,1) 45%, rgba(243,146,0,1));\r\n\t\t\twebkit-transition: all 0.3s;\r\n\t\t\t-moz-transition: all 0.3s;\r\n\t\t\ttransition: all 0.3s;\r\n\t\t}\r\n\r\n\t\t\r\n\r\n\t\t\t.wd_button_5927:hover{\r\n\t\t\t\tcolor: #f39200!important;\r\n\t\t\t\ttext-shadow:0px 0px 0px #ffffff;\r\n\t\t\t\ttext-shadow-color:#ffffff;\t\r\n\t\t\t\tborder-color: #f39200;\r\n\t\t\t\t-webkit-box-shadow: 0px 0px 0px #b5b5b5;\r\n\t\t\t\t-moz-box-shadow: 0px 0px 0px #b5b5b5;\r\n\t\t\t\tbox-shadow: 0px 0px 0px #b5b5b5;\r\n\r\n\t\t\t\t\t\t\t\t\tbackground: -webkit-gradient(linear, left top, left bottom, color-stop(45%, rgba(255,255,255,1)), color-stop(1, rgba(255,255,255,1)));\r\n\t\t\t\t\tbackground: -moz-linear-gradient(rgba(255,255,255,1) 45%, rgba(255,255,255,1));\r\n\t\t\t\t\tbackground: -o-linear-gradient(rgba(255,255,255,1) 45%, rgba(255,255,255,1));\r\n\t\t\t\t\tbackground: linear-gradient(rgba(255,255,255,1) 45%, rgba(255,255,255,1));\r\n\t\t\t\t\t\r\n\r\n\t\t\t\t\twebkit-transition: all 0.3s;\r\n\t\t\t\t\t-moz-transition: all 0.3s;\r\n\t\t\t\t\ttransition: all 0.3s;\r\n\t\t\t\t}\r\n\t\t\t\t<\/style><div class=\"button_wrapper_id_5927\">\r\n\t<div class=\"button_container button_container_id_5927\">\t\r\n\t\t<a href=\"https:\/\/www.mgt-conseils.com\/index.php\/qui-sommes-nous\/responsabilite-sociale-environnementale\/\" target=\"_blank\" id=\"wd_button\" class=\"wd-hvr-simple wd_button_5927\"  >Notre RSE<\/a>\t\r\n\t\t<div class=\"clear_fix\"><\/div>\r\n\t<\/div>\r\n<\/div><\/p>\n            <\/div>\n\n        \n\n    <\/div>\n\n    \n<\/div><\/div><\/div><\/div><div id=\"panel-952-1-2-3\" class=\"so-panel widget widget_sow-editor panel-last-child\" data-index=\"9\" ><div class=\"panel-widget-style panel-widget-style-for-952-1-2-3\" ><div class=\"so-widget-sow-editor so-widget-sow-editor-base\">\n<div class=\"siteorigin-widget-tinymce textwidget\">\n\t<h3 style=\"text-align: center;\">Nous sommes signataires<br \/> <img loading=\"lazy\" class=\"alignnone wp-image-5739 size-thumbnail\" src=\"https:\/\/www.mgt-conseils.com\/wp-content\/uploads\/2016\/03\/charte-diversite-signataire-logo4c-150x150.jpg\" alt=\"\" width=\"150\" height=\"150\" \/><\/h3>\n<\/div>\n<\/div><\/div><\/div><\/div><\/div><\/div><\/div><\/div>","protected":false},"excerpt":{"rendered":"<p>Rejoindre l&rsquo;aventure MGT Conseils \u00ab\u00a0D\u00e9couvrez l\u2019univers d\u2019une petite entreprise experte de la DATA\u00a0\u00bb MGT Conseils, sp\u00e9cialiste dans la mise en [&hellip;]<\/p>\n","protected":false},"author":1,"featured_media":1045,"parent":0,"menu_order":0,"comment_status":"closed","ping_status":"closed","template":"template-home.php","meta":[],"yoast_head":"<!-- This site is optimized with the Yoast SEO plugin v15.6.2 - https:\/\/yoast.com\/wordpress\/plugins\/seo\/ -->\n<title>Recrutement | Rejoindre l&#039;aventure MGT Conseils<\/title>\n<meta name=\"description\" content=\"MGT Conseils recrute en Alternance, CDI ou CDD, des consultants (PMO, Odoo, BI, ...) et des d\u00e9veloppeurs. Venez nous rejoindre !\" \/>\n<meta name=\"robots\" content=\"index, follow, max-snippet:-1, max-image-preview:large, max-video-preview:-1\" \/>\n<link rel=\"canonical\" href=\"https:\/\/www.mgt-conseils.com\/index.php\/recrutement\/\" \/>\n<meta property=\"og:locale\" content=\"fr_FR\" \/>\n<meta property=\"og:type\" content=\"article\" \/>\n<meta property=\"og:title\" content=\"Recrutement | Rejoindre l&#039;aventure MGT Conseils\" \/>\n<meta property=\"og:description\" content=\"MGT Conseils recrute en Alternance, CDI ou CDD, des consultants (PMO, Odoo, BI, ...) et des d\u00e9veloppeurs. Venez nous rejoindre !\" \/>\n<meta property=\"og:url\" content=\"https:\/\/www.mgt-conseils.com\/index.php\/recrutement\/\" \/>\n<meta property=\"og:site_name\" content=\"MGT Conseils\" \/>\n<meta property=\"article:modified_time\" content=\"2018-11-29T11:16:37+00:00\" \/>\n<meta property=\"og:image\" content=\"https:\/\/www.mgt-conseils.com\/wp-content\/uploads\/2016\/03\/MGT_conseils_min.png\" \/>\n\t<meta property=\"og:image:width\" content=\"61\" \/>\n\t<meta property=\"og:image:height\" content=\"33\" \/>\n<meta name=\"twitter:card\" content=\"summary\" \/>\n<meta name=\"twitter:label1\" content=\"Dur\u00e9e de lecture est.\">\n\t<meta name=\"twitter:data1\" content=\"1 minute\">\n<script type=\"application\/ld+json\" class=\"yoast-schema-graph\">{\"@context\":\"https:\/\/schema.org\",\"@graph\":[{\"@type\":\"WebSite\",\"@id\":\"https:\/\/www.mgt-conseils.com\/#website\",\"url\":\"https:\/\/www.mgt-conseils.com\/\",\"name\":\"MGT Conseils\",\"description\":\"Acc\\u00e9l\\u00e9rateur de performance\",\"potentialAction\":[{\"@type\":\"SearchAction\",\"target\":\"https:\/\/www.mgt-conseils.com\/?s={search_term_string}\",\"query-input\":\"required name=search_term_string\"}],\"inLanguage\":\"fr-FR\"},{\"@type\":\"ImageObject\",\"@id\":\"https:\/\/www.mgt-conseils.com\/index.php\/recrutement\/#primaryimage\",\"inLanguage\":\"fr-FR\",\"url\":\"https:\/\/www.mgt-conseils.com\/wp-content\/uploads\/2016\/03\/MGT_conseils_min.png\",\"width\":61,\"height\":33},{\"@type\":\"WebPage\",\"@id\":\"https:\/\/www.mgt-conseils.com\/index.php\/recrutement\/#webpage\",\"url\":\"https:\/\/www.mgt-conseils.com\/index.php\/recrutement\/\",\"name\":\"Recrutement | Rejoindre l'aventure MGT Conseils\",\"isPartOf\":{\"@id\":\"https:\/\/www.mgt-conseils.com\/#website\"},\"primaryImageOfPage\":{\"@id\":\"https:\/\/www.mgt-conseils.com\/index.php\/recrutement\/#primaryimage\"},\"datePublished\":\"2016-03-14T09:32:14+00:00\",\"dateModified\":\"2018-11-29T11:16:37+00:00\",\"description\":\"MGT Conseils recrute en Alternance, CDI ou CDD, des consultants (PMO, Odoo, BI, ...) et des d\\u00e9veloppeurs. Venez nous rejoindre !\",\"inLanguage\":\"fr-FR\",\"potentialAction\":[{\"@type\":\"ReadAction\",\"target\":[\"https:\/\/www.mgt-conseils.com\/index.php\/recrutement\/\"]}]}]}<\/script>\n<!-- \/ Yoast SEO plugin. -->","_links":{"self":[{"href":"https:\/\/www.mgt-conseils.com\/index.php\/wp-json\/wp\/v2\/pages\/952"}],"collection":[{"href":"https:\/\/www.mgt-conseils.com\/index.php\/wp-json\/wp\/v2\/pages"}],"about":[{"href":"https:\/\/www.mgt-conseils.com\/index.php\/wp-json\/wp\/v2\/types\/page"}],"author":[{"embeddable":true,"href":"https:\/\/www.mgt-conseils.com\/index.php\/wp-json\/wp\/v2\/users\/1"}],"replies":[{"embeddable":true,"href":"https:\/\/www.mgt-conseils.com\/index.php\/wp-json\/wp\/v2\/comments?post=952"}],"version-history":[{"count":25,"href":"https:\/\/www.mgt-conseils.com\/index.php\/wp-json\/wp\/v2\/pages\/952\/revisions"}],"predecessor-version":[{"id":8535,"href":"https:\/\/www.mgt-conseils.com\/index.php\/wp-json\/wp\/v2\/pages\/952\/revisions\/8535"}],"wp:featuredmedia":[{"embeddable":true,"href":"https:\/\/www.mgt-conseils.com\/index.php\/wp-json\/wp\/v2\/media\/1045"}],"wp:attachment":[{"href":"https:\/\/www.mgt-conseils.com\/index.php\/wp-json\/wp\/v2\/media?parent=952"}],"curies":[{"name":"wp","href":"https:\/\/api.w.org\/{rel}","templated":true}]}}